{"id":56,"date":"2023-11-26T11:23:06","date_gmt":"2023-11-26T11:23:06","guid":{"rendered":"https:\/\/earthspeople.org\/?page_id=56"},"modified":"2023-12-13T12:10:26","modified_gmt":"2023-12-13T12:10:26","slug":"about","status":"publish","type":"page","link":"https:\/\/earthspeople.org\/de\/about\/","title":{"rendered":"\u00dcBER UNS"},"content":{"rendered":"<div data-elementor-type=\"wp-page\" data-elementor-id=\"56\" class=\"elementor elementor-56\" data-elementor-post-type=\"page\">\n\t\t\t\t\t\t\t<div class=\"elementor-element elementor-element-094f7a3 e-flex e-con-boxed e-con e-parent\" data-id=\"094f7a3\" data-element_type=\"container\" data-settings=\"{&quot;content_width&quot;:&quot;boxed&quot;}\" data-core-v316-plus=\"true\">\n\t\t\t\t\t<div class=\"e-con-inner\">\n\t\t<div class=\"elementor-element elementor-element-fc56121 e-con-full e-flex e-con e-child\" data-id=\"fc56121\" data-element_type=\"container\" data-settings=\"{&quot;content_width&quot;:&quot;full&quot;}\">\n\t\t\t\t<\/div>\n\t\t<div class=\"elementor-element elementor-element-c7dc3a6 e-con-full e-flex e-con e-child\" data-id=\"c7dc3a6\" data-element_type=\"container\" data-settings=\"{&quot;content_width&quot;:&quot;full&quot;}\">\n\t\t\t\t<div class=\"elementor-element elementor-element-2300659 elementor-widget__width-initial elementor-widget elementor-widget-heading\" data-id=\"2300659\" data-element_type=\"widget\" data-widget_type=\"heading.default\">\n\t\t\t\t<div class=\"elementor-widget-container\">\n\t\t\t<style>\/*! elementor - v3.18.0 - 04-12-2023 *\/\n.elementor-heading-title{padding:0;margin:0;line-height:1}.elementor-widget-heading .elementor-heading-title[class*=elementor-size-]>a{color:inherit;font-size:inherit;line-height:inherit}.elementor-widget-heading .elementor-heading-title.elementor-size-small{font-size:15px}.elementor-widget-heading .elementor-heading-title.elementor-size-medium{font-size:19px}.elementor-widget-heading .elementor-heading-title.elementor-size-large{font-size:29px}.elementor-widget-heading .elementor-heading-title.elementor-size-xl{font-size:39px}.elementor-widget-heading .elementor-heading-title.elementor-size-xxl{font-size:59px}<\/style><h2 class=\"elementor-heading-title elementor-size-default\">EARTH'S PEOPLE<\/h2>\t\t<\/div>\n\t\t\t\t<\/div>\n\t\t\t\t<div class=\"elementor-element elementor-element-6ffc19b elementor-widget__width-initial elementor-widget elementor-widget-text-editor\" data-id=\"6ffc19b\" data-element_type=\"widget\" data-widget_type=\"text-editor.default\">\n\t\t\t\t<div class=\"elementor-widget-container\">\n\t\t\t<style>\/*! elementor - v3.18.0 - 04-12-2023 *\/\n.elementor-widget-text-editor.elementor-drop-cap-view-stacked .elementor-drop-cap{background-color:#69727d;color:#fff}.elementor-widget-text-editor.elementor-drop-cap-view-framed .elementor-drop-cap{color:#69727d;border:3px solid;background-color:transparent}.elementor-widget-text-editor:not(.elementor-drop-cap-view-default) .elementor-drop-cap{margin-top:8px}.elementor-widget-text-editor:not(.elementor-drop-cap-view-default) .elementor-drop-cap-letter{width:1em;height:1em}.elementor-widget-text-editor .elementor-drop-cap{float:left;text-align:center;line-height:1;font-size:50px}.elementor-widget-text-editor .elementor-drop-cap-letter{display:inline-block}<\/style>\t\t\t\t<p style=\"line-height: 150%; margin-top: 0pt; margin-bottom: 0pt; margin-left: 0in; direction: ltr; unicode-bidi: embed; word-break: normal;\"><span style=\"font-size: 11.0pt; font-family: Montserrat; mso-ascii-font-family: Montserrat; mso-fareast-font-family: Inter; mso-bidi-font-family: +mn-cs; mso-bidi-theme-font: minor-bidi; color: black; mso-color-index: 1; mso-font-kerning: 12.0pt; language: en-GB; mso-style-textfill-type: solid; mso-style-textfill-fill-themecolor: text1; mso-style-textfill-fill-color: black; mso-style-textfill-fill-alpha: 100.0%;\">\u00a0<\/span><\/p><p style=\"line-height: 150%; margin-top: 0pt; margin-bottom: 0pt; margin-left: 0in; direction: ltr; unicode-bidi: embed; word-break: normal;\"><span style=\"color: black; font-family: Montserrat; font-size: 11pt; text-align: var(--text-align);\">Earth\u2019s People ist eine Stiftung f\u00fcr Umweltbildung, die hochmoderne Spiele und Aktivit\u00e4ten anbietet, um Programme zur Klima- und Umweltkompetenz in Schulen und der breiteren \u00d6ffentlichkeit zu verbessern.\u00a0<\/span><span style=\"color: black; font-family: Montserrat; font-size: 11pt; text-align: var(--text-align);\">education foundation that offers state-of-the-art games and activities to improve climate and environmental literacy programmes in schools and the broader public arena.<\/span><\/p><p>\u00a0<\/p><p style=\"line-height: 150%; margin-top: 0pt; margin-bottom: 0pt; margin-left: 0in; direction: ltr; unicode-bidi: embed; word-break: normal;\" class=\" translation-block\">Wir glauben, dass Umwelterziehung ansprechend, praxisorientiert und best\u00e4rkend sein sollte. Deshalb entwerfen und liefern wir immersive Lernspiele Sch\u00fcler fesseln und Leidenschaft f\u00fcr Nachhaltigkeit wecken.<\/p><p>\u00a0<\/p><p><span style=\"font-size: 11.0pt; font-family: Montserrat; mso-ascii-font-family: Montserrat; mso-fareast-font-family: Inter; mso-bidi-font-family: +mn-cs; mso-bidi-theme-font: minor-bidi; color: black; mso-color-index: 1; mso-font-kerning: 12.0pt; language: en-GB; mso-style-textfill-type: solid; mso-style-textfill-fill-themecolor: text1; mso-style-textfill-fill-color: black; mso-style-textfill-fill-alpha: 100.0%;\">Unsere Spiele werden sorgf\u00e4ltig entwickelt, um die Lernergebnisse zu maximieren und gleichzeitig die Sch\u00fcler auf eine Art und Weise einzubeziehen, die sie motiviert und begeistert. Indem wir die Kraft des Spiels mit einem bew\u00e4hrten p\u00e4dagogischen Rahmen kombinieren, wecken wir die Liebe zur Umwelt und bef\u00e4higen Sch\u00fcler, zu Akteuren des Wandels und Verwaltern der Erde zu werden.<\/span><\/p>\t\t\t\t\t\t<\/div>\n\t\t\t\t<\/div>\n\t\t\t\t<\/div>\n\t\t<div class=\"elementor-element elementor-element-56a076d e-con-full e-flex e-con e-child\" data-id=\"56a076d\" data-element_type=\"container\" data-settings=\"{&quot;content_width&quot;:&quot;full&quot;}\">\n\t\t\t\t<div class=\"elementor-element elementor-element-7dde472 elementor-widget__width-initial elementor-widget-tablet__width-initial elementor-widget-mobile__width-initial elementor-hidden-tablet elementor-widget elementor-widget-image\" data-id=\"7dde472\" data-element_type=\"widget\" data-widget_type=\"image.default\">\n\t\t\t\t<div class=\"elementor-widget-container\">\n\t\t\t<style>\/*! elementor - v3.18.0 - 04-12-2023 *\/\n.elementor-widget-image{text-align:center}.elementor-widget-image a{display:inline-block}.elementor-widget-image a img[src$=\".svg\"]{width:48px}.elementor-widget-image img{vertical-align:middle;display:inline-block}<\/style>\t\t\t\t\t\t\t\t\t\t\t\t<img fetchpriority=\"high\" decoding=\"async\" width=\"800\" height=\"790\" src=\"https:\/\/earthspeople.org\/wp-content\/uploads\/2023\/11\/ABOUT1-1024x1011.png\" class=\"attachment-large size-large wp-image-118\" alt=\"\" srcset=\"https:\/\/earthspeople.org\/wp-content\/uploads\/2023\/11\/ABOUT1-1024x1011.png 1024w, https:\/\/earthspeople.org\/wp-content\/uploads\/2023\/11\/ABOUT1-300x296.png 300w, https:\/\/earthspeople.org\/wp-content\/uploads\/2023\/11\/ABOUT1-768x758.png 768w, https:\/\/earthspeople.org\/wp-content\/uploads\/2023\/11\/ABOUT1-1536x1516.png 1536w, https:\/\/earthspeople.org\/wp-content\/uploads\/2023\/11\/ABOUT1-2048x2021.png 2048w\" sizes=\"(max-width: 800px) 100vw, 800px\" \/>\t\t\t\t\t\t\t\t\t\t\t\t\t\t\t<\/div>\n\t\t\t\t<\/div>\n\t\t\t\t<\/div>\n\t\t\t\t\t<\/div>\n\t\t\t\t<\/div>\n\t\t<div class=\"elementor-element elementor-element-9fcbf6e e-flex e-con-boxed e-con e-parent\" data-id=\"9fcbf6e\" data-element_type=\"container\" data-settings=\"{&quot;background_background&quot;:&quot;classic&quot;,&quot;content_width&quot;:&quot;boxed&quot;}\" data-core-v316-plus=\"true\">\n\t\t\t\t\t<div class=\"e-con-inner\">\n\t\t<div class=\"elementor-element elementor-element-7cff276 e-con-full e-flex e-con e-child\" data-id=\"7cff276\" data-element_type=\"container\" data-settings=\"{&quot;content_width&quot;:&quot;full&quot;}\">\n\t\t\t\t<\/div>\n\t\t<div class=\"elementor-element elementor-element-05c7c1c e-con-full e-flex e-con e-child\" data-id=\"05c7c1c\" data-element_type=\"container\" data-settings=\"{&quot;content_width&quot;:&quot;full&quot;}\">\n\t\t\t\t<div class=\"elementor-element elementor-element-16d6bed elementor-widget__width-initial elementor-widget-tablet__width-initial elementor-widget-mobile__width-initial elementor-hidden-mobile elementor-hidden-tablet elementor-widget elementor-widget-image\" data-id=\"16d6bed\" data-element_type=\"widget\" data-widget_type=\"image.default\">\n\t\t\t\t<div class=\"elementor-widget-container\">\n\t\t\t\t\t\t\t\t\t\t\t\t\t\t\t<img decoding=\"async\" width=\"800\" height=\"797\" src=\"https:\/\/earthspeople.org\/wp-content\/uploads\/2023\/11\/ABOUT2-1024x1020.png\" class=\"attachment-large size-large wp-image-119\" alt=\"\" srcset=\"https:\/\/earthspeople.org\/wp-content\/uploads\/2023\/11\/ABOUT2-1024x1020.png 1024w, https:\/\/earthspeople.org\/wp-content\/uploads\/2023\/11\/ABOUT2-300x300.png 300w, https:\/\/earthspeople.org\/wp-content\/uploads\/2023\/11\/ABOUT2-150x150.png 150w, https:\/\/earthspeople.org\/wp-content\/uploads\/2023\/11\/ABOUT2-768x765.png 768w, https:\/\/earthspeople.org\/wp-content\/uploads\/2023\/11\/ABOUT2-1536x1531.png 1536w, https:\/\/earthspeople.org\/wp-content\/uploads\/2023\/11\/ABOUT2-2048x2041.png 2048w\" sizes=\"(max-width: 800px) 100vw, 800px\" \/>\t\t\t\t\t\t\t\t\t\t\t\t\t\t\t<\/div>\n\t\t\t\t<\/div>\n\t\t\t\t<\/div>\n\t\t<div class=\"elementor-element elementor-element-280412a e-con-full e-flex e-con e-child\" data-id=\"280412a\" data-element_type=\"container\" data-settings=\"{&quot;content_width&quot;:&quot;full&quot;}\">\n\t\t\t\t<div class=\"elementor-element elementor-element-89479dc elementor-widget elementor-widget-text-editor\" data-id=\"89479dc\" data-element_type=\"widget\" data-widget_type=\"text-editor.default\">\n\t\t\t\t<div class=\"elementor-widget-container\">\n\t\t\t\t\t\t\t<h2 class=\"elementor-heading-title elementor-size-default elementor-inline-editing pen\" style=\"font-family: 'Barlow Condensed', sans-serif; font-weight: 600; color: #070707; font-size: 40px;\" data-elementor-setting-key=\"title\" data-pen-placeholder=\"Type Here...\">OUR MISSION<\/h2>\t\t\t\t\t\t<\/div>\n\t\t\t\t<\/div>\n\t\t\t\t<div class=\"elementor-element elementor-element-e2327b2 elementor-widget__width-initial elementor-widget elementor-widget-text-editor\" data-id=\"e2327b2\" data-element_type=\"widget\" data-widget_type=\"text-editor.default\">\n\t\t\t\t<div class=\"elementor-widget-container\">\n\t\t\t\t\t\t\t<p>Mehrere Forschungsstudien haben gezeigt, dass Information und Bildung wichtige Instrumente zur F\u00f6rderung einer umweltfreundlichen Einstellung und zur Motivation von Verhaltens\u00e4nderungen sind. Je besser wir den Mechanismus eines Problems und seine Beziehung zu den gr\u00f6\u00dferen Systemen verstehen, desto besser sind wir f\u00fcr Innovationen, Anpassungen und Abhilfema\u00dfnahmen sowie f\u00fcr die Entwicklung effektiver, langfristiger L\u00f6sungen f\u00fcr das Problem ger\u00fcstet.<\/p><p><span style=\"text-align: var(--text-align); font-size: 1rem;\">Wir wollen alle auf den gleichen Stand bringen, wenn es um wichtige, globale Umweltthemen geht. Wir m\u00f6chten jedem von \u00fcberall faktenbasiertes, fundiertes Wissen bieten. Bildung als Mittel nutzen, um die Menschheit zusammenzubringen, um gegenw\u00e4rtige Umweltkrisen zu l\u00f6sen und sich f\u00fcr die Zukunft zu wappnen, die aufkommen k\u00f6nnte.<\/span><\/p><p>Wissen ist schlie\u00dflich Macht.<\/p>\t\t\t\t\t\t<\/div>\n\t\t\t\t<\/div>\n\t\t\t\t<\/div>\n\t\t\t\t\t<\/div>\n\t\t\t\t<\/div>\n\t\t<div class=\"elementor-element elementor-element-711682e e-flex e-con-boxed e-con e-parent\" data-id=\"711682e\" data-element_type=\"container\" data-settings=\"{&quot;content_width&quot;:&quot;boxed&quot;}\" data-core-v316-plus=\"true\">\n\t\t\t\t\t<div class=\"e-con-inner\">\n\t\t<div class=\"elementor-element elementor-element-b223761 e-con-full e-flex e-con e-child\" data-id=\"b223761\" data-element_type=\"container\" data-settings=\"{&quot;content_width&quot;:&quot;full&quot;}\">\n\t\t\t\t<\/div>\n\t\t<div class=\"elementor-element elementor-element-ab3856d e-con-full e-flex e-con e-child\" data-id=\"ab3856d\" data-element_type=\"container\" data-settings=\"{&quot;content_width&quot;:&quot;full&quot;}\">\n\t\t\t\t<div class=\"elementor-element elementor-element-a6bb6d7 elementor-widget__width-initial elementor-widget elementor-widget-heading\" data-id=\"a6bb6d7\" data-element_type=\"widget\" data-widget_type=\"heading.default\">\n\t\t\t\t<div class=\"elementor-widget-container\">\n\t\t\t<h2 class=\"elementor-heading-title elementor-size-default\">WER STECKT HINTER EARTH'S PEOPLE?<\/h2>\t\t<\/div>\n\t\t\t\t<\/div>\n\t\t\t\t<div class=\"elementor-element elementor-element-e001813 elementor-widget__width-initial elementor-widget elementor-widget-text-editor\" data-id=\"e001813\" data-element_type=\"widget\" data-widget_type=\"text-editor.default\">\n\t\t\t\t<div class=\"elementor-widget-container\">\n\t\t\t\t\t\t\t<p style=\"line-height: 150%; margin-top: 0pt; margin-bottom: 0pt; margin-left: 0in; direction: ltr; unicode-bidi: embed; word-break: normal;\"><u><span style=\"font-size: 11.0pt; font-family: Montserrat; mso-ascii-font-family: Montserrat; mso-fareast-font-family: Inter; mso-bidi-font-family: +mn-cs; mso-bidi-theme-font: minor-bidi; color: black; mso-color-index: 1; mso-font-kerning: 12.0pt; language: en-GB; mso-style-textfill-type: solid; mso-style-textfill-fill-themecolor: text1; mso-style-textfill-fill-color: black; mso-style-textfill-fill-alpha: 100.0%;\">Vorstandsmitglieder<\/span><\/u><\/p><p style=\"line-height: 150%; margin-top: 0pt; margin-bottom: 0pt; margin-left: 0in; direction: ltr; unicode-bidi: embed; word-break: normal;\">\u00a0<\/p><p>Inez Harker-Schuch \u2013 Klima, Verhaltenstheorie und P\u00e4dagogik<\/p><p>Alexander Schuch \u2013 Technologie &amp; Infrastruktur<\/p><p>Dr. Margaret Hanrahan \u2013 Lehrer, Wissenschaft und P\u00e4dagogik<\/p><p>Kim Cramer \u2013 Philanthropie, Sponsoring &amp; Finanzierung<\/p><p>Caroline Schober \u2013 Digitales Marketing &amp; Community<\/p><p>Edward Praun \u2013 Technologie &amp; Produktentwicklung<\/p>\t\t\t\t\t\t<\/div>\n\t\t\t\t<\/div>\n\t\t\t\t<\/div>\n\t\t<div class=\"elementor-element elementor-element-483ab07 e-con-full e-flex e-con e-child\" data-id=\"483ab07\" data-element_type=\"container\" data-settings=\"{&quot;content_width&quot;:&quot;full&quot;}\">\n\t\t\t\t<div class=\"elementor-element elementor-element-d7a43e0 elementor-widget__width-initial elementor-widget-mobile__width-initial elementor-widget elementor-widget-image\" data-id=\"d7a43e0\" data-element_type=\"widget\" data-widget_type=\"image.default\">\n\t\t\t\t<div class=\"elementor-widget-container\">\n\t\t\t\t\t\t\t\t\t\t\t\t\t\t\t<img decoding=\"async\" width=\"800\" height=\"765\" src=\"https:\/\/earthspeople.org\/wp-content\/uploads\/2023\/11\/ABOUT3-1024x979.png\" class=\"attachment-large size-large wp-image-120\" alt=\"\" srcset=\"https:\/\/earthspeople.org\/wp-content\/uploads\/2023\/11\/ABOUT3-1024x979.png 1024w, https:\/\/earthspeople.org\/wp-content\/uploads\/2023\/11\/ABOUT3-300x287.png 300w, https:\/\/earthspeople.org\/wp-content\/uploads\/2023\/11\/ABOUT3-768x734.png 768w, https:\/\/earthspeople.org\/wp-content\/uploads\/2023\/11\/ABOUT3-1536x1469.png 1536w, https:\/\/earthspeople.org\/wp-content\/uploads\/2023\/11\/ABOUT3-2048x1958.png 2048w\" sizes=\"(max-width: 800px) 100vw, 800px\" \/>\t\t\t\t\t\t\t\t\t\t\t\t\t\t\t<\/div>\n\t\t\t\t<\/div>\n\t\t\t\t<\/div>\n\t\t\t\t\t<\/div>\n\t\t\t\t<\/div>\n\t\t\t\t\t\t\t<\/div>","protected":false},"excerpt":{"rendered":"<p>EARTH&#8217;S PEOPLE \u00a0 Earth\u2019s People is an environmental\u00a0education foundation that offers state-of-the-art games and activities to improve climate and environmental literacy programmes in schools and the broader public arena. \u00a0 We believe that environmental education should be engaging, hands-on, and empowering. That&#8217;s why we design and deliver immersive educational games thatcaptivate students and instil a [&hellip;]<\/p>","protected":false},"author":1,"featured_media":0,"parent":0,"menu_order":0,"comment_status":"closed","ping_status":"closed","template":"","meta":{"footnotes":""},"class_list":["post-56","page","type-page","status-publish","hentry"],"_links":{"self":[{"href":"https:\/\/earthspeople.org\/de\/wp-json\/wp\/v2\/pages\/56","targetHints":{"allow":["GET"]}}],"collection":[{"href":"https:\/\/earthspeople.org\/de\/wp-json\/wp\/v2\/pages"}],"about":[{"href":"https:\/\/earthspeople.org\/de\/wp-json\/wp\/v2\/types\/page"}],"author":[{"embeddable":true,"href":"https:\/\/earthspeople.org\/de\/wp-json\/wp\/v2\/users\/1"}],"replies":[{"embeddable":true,"href":"https:\/\/earthspeople.org\/de\/wp-json\/wp\/v2\/comments?post=56"}],"version-history":[{"count":98,"href":"https:\/\/earthspeople.org\/de\/wp-json\/wp\/v2\/pages\/56\/revisions"}],"predecessor-version":[{"id":727,"href":"https:\/\/earthspeople.org\/de\/wp-json\/wp\/v2\/pages\/56\/revisions\/727"}],"wp:attachment":[{"href":"https:\/\/earthspeople.org\/de\/wp-json\/wp\/v2\/media?parent=56"}],"curies":[{"name":"wp","href":"https:\/\/api.w.org\/{rel}","templated":true}]}}