{"id":390,"date":"2023-11-27T15:33:00","date_gmt":"2023-11-27T15:33:00","guid":{"rendered":"https:\/\/earthspeople.org\/?page_id=390"},"modified":"2023-12-14T09:34:29","modified_gmt":"2023-12-14T09:34:29","slug":"parent-resources","status":"publish","type":"page","link":"https:\/\/earthspeople.org\/de\/parent-resources\/","title":{"rendered":"RESSOURCEN F\u00dcR ELTERN"},"content":{"rendered":"<div data-elementor-type=\"wp-page\" data-elementor-id=\"390\" class=\"elementor elementor-390\" data-elementor-post-type=\"page\">\n\t\t\t\t\t\t\t<div class=\"elementor-element elementor-element-73d43262 e-flex e-con-boxed e-con e-parent\" data-id=\"73d43262\" data-element_type=\"container\" data-settings=\"{&quot;content_width&quot;:&quot;boxed&quot;}\" data-core-v316-plus=\"true\">\n\t\t\t\t\t<div class=\"e-con-inner\">\n\t\t<div class=\"elementor-element elementor-element-7890396d e-con-full e-flex e-con e-child\" data-id=\"7890396d\" data-element_type=\"container\" data-settings=\"{&quot;content_width&quot;:&quot;full&quot;}\">\n\t\t\t\t<\/div>\n\t\t<div class=\"elementor-element elementor-element-747825df e-con-full e-flex e-con e-child\" data-id=\"747825df\" data-element_type=\"container\" data-settings=\"{&quot;content_width&quot;:&quot;full&quot;}\">\n\t\t\t\t<div class=\"elementor-element elementor-element-4b35e4c9 elementor-widget__width-initial elementor-widget elementor-widget-heading\" data-id=\"4b35e4c9\" data-element_type=\"widget\" data-widget_type=\"heading.default\">\n\t\t\t\t<div class=\"elementor-widget-container\">\n\t\t\t<style>\/*! elementor - v3.18.0 - 04-12-2023 *\/\n.elementor-heading-title{padding:0;margin:0;line-height:1}.elementor-widget-heading .elementor-heading-title[class*=elementor-size-]>a{color:inherit;font-size:inherit;line-height:inherit}.elementor-widget-heading .elementor-heading-title.elementor-size-small{font-size:15px}.elementor-widget-heading .elementor-heading-title.elementor-size-medium{font-size:19px}.elementor-widget-heading .elementor-heading-title.elementor-size-large{font-size:29px}.elementor-widget-heading .elementor-heading-title.elementor-size-xl{font-size:39px}.elementor-widget-heading .elementor-heading-title.elementor-size-xxl{font-size:59px}<\/style><h2 class=\"elementor-heading-title elementor-size-default\">RESSOURCEN F\u00dcR ELTERN<\/h2>\t\t<\/div>\n\t\t\t\t<\/div>\n\t\t\t\t<div class=\"elementor-element elementor-element-4ae629b6 elementor-widget__width-initial elementor-widget elementor-widget-text-editor\" data-id=\"4ae629b6\" data-element_type=\"widget\" data-widget_type=\"text-editor.default\">\n\t\t\t\t<div class=\"elementor-widget-container\">\n\t\t\t<style>\/*! elementor - v3.18.0 - 04-12-2023 *\/\n.elementor-widget-text-editor.elementor-drop-cap-view-stacked .elementor-drop-cap{background-color:#69727d;color:#fff}.elementor-widget-text-editor.elementor-drop-cap-view-framed .elementor-drop-cap{color:#69727d;border:3px solid;background-color:transparent}.elementor-widget-text-editor:not(.elementor-drop-cap-view-default) .elementor-drop-cap{margin-top:8px}.elementor-widget-text-editor:not(.elementor-drop-cap-view-default) .elementor-drop-cap-letter{width:1em;height:1em}.elementor-widget-text-editor .elementor-drop-cap{float:left;text-align:center;line-height:1;font-size:50px}.elementor-widget-text-editor .elementor-drop-cap-letter{display:inline-block}<\/style>\t\t\t\t<p style=\"line-height: 150%; margin-top: 0pt; margin-bottom: 0pt; margin-left: 0in; direction: ltr; unicode-bidi: embed; word-break: normal;\">Wir kapieren es \u2013 Sie sind Chauffeur, K\u00fcchenchef, Notarzt, Krankenschwester, Haush\u00e4lterin, Krisenverhandler, Veranstaltungsplaner, W\u00e4schereimanager, Psychologe und Privatdetektiv, neben vielen anderen Verantwortlichkeiten und Aufgaben, die Sie jeden Tag haben. Warum also nicht uns die Aufgabe \u00fcberlassen, Ihre Tweenies und Teens \u00fcber Umweltthemen und den Klimawandel auf dem Laufenden zu halten? Sie wissen, dass wir uns an die Wissenschaft halten werden, denn das ist es, was wir tun \u2013 und Sie k\u00f6nnen den Rest der Welt weiterhin aufhalten.<\/p><p style=\"line-height: 150%; margin-top: 0pt; margin-bottom: 0pt; margin-left: 0in; direction: ltr; unicode-bidi: embed; word-break: normal;\">\u00a0<\/p>\t\t\t\t\t\t<\/div>\n\t\t\t\t<\/div>\n\t\t\t\t<div class=\"elementor-element elementor-element-6c6fbb8c elementor-align-center elementor-widget elementor-widget-button\" data-id=\"6c6fbb8c\" data-element_type=\"widget\" data-widget_type=\"button.default\">\n\t\t\t\t<div class=\"elementor-widget-container\">\n\t\t\t\t\t<div class=\"elementor-button-wrapper\">\n\t\t\t<a class=\"elementor-button elementor-button-link elementor-size-sm\" href=\"https:\/\/artemisgames.org\/home\" target=\"_blank\">\n\t\t\t\t\t\t<span class=\"elementor-button-content-wrapper\">\n\t\t\t\t\t\t<span class=\"elementor-button-text\">Fang hier an<\/span>\n\t\t<\/span>\n\t\t\t\t\t<\/a>\n\t\t<\/div>\n\t\t\t\t<\/div>\n\t\t\t\t<\/div>\n\t\t\t\t<div class=\"elementor-element elementor-element-90aa88f elementor-widget elementor-widget-text-editor\" data-id=\"90aa88f\" data-element_type=\"widget\" data-widget_type=\"text-editor.default\">\n\t\t\t\t<div class=\"elementor-widget-container\">\n\t\t\t\t\t\t\t<p>Sie fragen sich vielleicht auch, warum wir keine Kurse und Schulungen f\u00fcr kleinere Lernende und Kinder im Grundschulalter anbieten. Untersuchungen haben ergeben, dass sie f\u00fcr all diese Dinge noch nicht bereit sind. Wenn Sie wirklich sicherstellen m\u00f6chten, dass sie mit dem Wunsch aufwachsen, die Welt, in der sie leben, zu sch\u00fctzen, nehmen Sie sie mit nach drau\u00dfen und lassen Sie sie in der freien Natur herumlaufen. Wer wei\u00df, vielleicht haben Sie das Gl\u00fcck, eine Lekt\u00fcre zum Thema Umweltbildung nachzuholen, Ideen f\u00fcr Aktivit\u00e4ten f\u00fcr umweltfreundliche Kinder zu bekommen oder sogar ein kurzes Nickerchen in der Sonne zu machen (die wichtigste Ressource \u00fcberhaupt!).<\/p>\t\t\t\t\t\t<\/div>\n\t\t\t\t<\/div>\n\t\t\t\t<\/div>\n\t\t<div class=\"elementor-element elementor-element-10814e5a e-con-full e-flex e-con e-child\" data-id=\"10814e5a\" data-element_type=\"container\" data-settings=\"{&quot;content_width&quot;:&quot;full&quot;}\">\n\t\t\t\t<div class=\"elementor-element elementor-element-3d6921e2 elementor-widget__width-initial elementor-widget-mobile__width-initial elementor-widget elementor-widget-image\" data-id=\"3d6921e2\" data-element_type=\"widget\" data-widget_type=\"image.default\">\n\t\t\t\t<div class=\"elementor-widget-container\">\n\t\t\t<style>\/*! elementor - v3.18.0 - 04-12-2023 *\/\n.elementor-widget-image{text-align:center}.elementor-widget-image a{display:inline-block}.elementor-widget-image a img[src$=\".svg\"]{width:48px}.elementor-widget-image img{vertical-align:middle;display:inline-block}<\/style>\t\t\t\t\t\t\t\t\t\t\t\t<img fetchpriority=\"high\" decoding=\"async\" width=\"800\" height=\"981\" src=\"https:\/\/earthspeople.org\/wp-content\/uploads\/2023\/11\/parentsresources-835x1024.png\" class=\"attachment-large size-large wp-image-394\" alt=\"\" srcset=\"https:\/\/earthspeople.org\/wp-content\/uploads\/2023\/11\/parentsresources-835x1024.png 835w, https:\/\/earthspeople.org\/wp-content\/uploads\/2023\/11\/parentsresources-245x300.png 245w, https:\/\/earthspeople.org\/wp-content\/uploads\/2023\/11\/parentsresources-768x942.png 768w, https:\/\/earthspeople.org\/wp-content\/uploads\/2023\/11\/parentsresources-1253x1536.png 1253w, https:\/\/earthspeople.org\/wp-content\/uploads\/2023\/11\/parentsresources-1670x2048.png 1670w\" sizes=\"(max-width: 800px) 100vw, 800px\" \/>\t\t\t\t\t\t\t\t\t\t\t\t\t\t\t<\/div>\n\t\t\t\t<\/div>\n\t\t\t\t<\/div>\n\t\t\t\t\t<\/div>\n\t\t\t\t<\/div>\n\t\t\t\t\t\t\t<\/div>","protected":false},"excerpt":{"rendered":"<p>PARENT RESOURCES We get it \u2013 you are chauffeur, executive chef, ER paramedic, nurse, housekeeper, crisis negotiator, event planner, laundry manager, psychologist, and private investigator, amongst many of your other responsibilities and tasks you have each day. So why not let us handle the task of getting your tweenies and teens up-to-date on environmental issues [&hellip;]<\/p>","protected":false},"author":1,"featured_media":0,"parent":0,"menu_order":0,"comment_status":"closed","ping_status":"closed","template":"","meta":{"footnotes":""},"class_list":["post-390","page","type-page","status-publish","hentry"],"_links":{"self":[{"href":"https:\/\/earthspeople.org\/de\/wp-json\/wp\/v2\/pages\/390","targetHints":{"allow":["GET"]}}],"collection":[{"href":"https:\/\/earthspeople.org\/de\/wp-json\/wp\/v2\/pages"}],"about":[{"href":"https:\/\/earthspeople.org\/de\/wp-json\/wp\/v2\/types\/page"}],"author":[{"embeddable":true,"href":"https:\/\/earthspeople.org\/de\/wp-json\/wp\/v2\/users\/1"}],"replies":[{"embeddable":true,"href":"https:\/\/earthspeople.org\/de\/wp-json\/wp\/v2\/comments?post=390"}],"version-history":[{"count":22,"href":"https:\/\/earthspeople.org\/de\/wp-json\/wp\/v2\/pages\/390\/revisions"}],"predecessor-version":[{"id":751,"href":"https:\/\/earthspeople.org\/de\/wp-json\/wp\/v2\/pages\/390\/revisions\/751"}],"wp:attachment":[{"href":"https:\/\/earthspeople.org\/de\/wp-json\/wp\/v2\/media?parent=390"}],"curies":[{"name":"wp","href":"https:\/\/api.w.org\/{rel}","templated":true}]}}