{"id":358,"date":"2023-11-27T13:36:46","date_gmt":"2023-11-27T13:36:46","guid":{"rendered":"https:\/\/earthspeople.org\/?page_id=358"},"modified":"2023-11-30T12:24:02","modified_gmt":"2023-11-30T12:24:02","slug":"teacher-resources","status":"publish","type":"page","link":"https:\/\/earthspeople.org\/de\/teacher-resources\/","title":{"rendered":"TEACHER RESOURCES"},"content":{"rendered":"<div data-elementor-type=\"wp-page\" data-elementor-id=\"358\" class=\"elementor elementor-358\" data-elementor-post-type=\"page\">\n\t\t\t\t\t\t\t<div class=\"elementor-element elementor-element-461699ca e-flex e-con-boxed e-con e-parent\" data-id=\"461699ca\" data-element_type=\"container\" data-settings=\"{&quot;content_width&quot;:&quot;boxed&quot;}\" data-core-v316-plus=\"true\">\n\t\t\t\t\t<div class=\"e-con-inner\">\n\t\t<div class=\"elementor-element elementor-element-1db2b4ba e-con-full e-flex e-con e-child\" data-id=\"1db2b4ba\" data-element_type=\"container\" data-settings=\"{&quot;content_width&quot;:&quot;full&quot;}\">\n\t\t\t\t<\/div>\n\t\t<div class=\"elementor-element elementor-element-69aac96a e-con-full e-flex e-con e-child\" data-id=\"69aac96a\" data-element_type=\"container\" data-settings=\"{&quot;content_width&quot;:&quot;full&quot;}\">\n\t\t\t\t<div class=\"elementor-element elementor-element-70c0ac5b elementor-widget__width-initial elementor-widget elementor-widget-heading\" data-id=\"70c0ac5b\" data-element_type=\"widget\" data-widget_type=\"heading.default\">\n\t\t\t\t<div class=\"elementor-widget-container\">\n\t\t\t<style>\/*! elementor - v3.18.0 - 04-12-2023 *\/\n.elementor-heading-title{padding:0;margin:0;line-height:1}.elementor-widget-heading .elementor-heading-title[class*=elementor-size-]>a{color:inherit;font-size:inherit;line-height:inherit}.elementor-widget-heading .elementor-heading-title.elementor-size-small{font-size:15px}.elementor-widget-heading .elementor-heading-title.elementor-size-medium{font-size:19px}.elementor-widget-heading .elementor-heading-title.elementor-size-large{font-size:29px}.elementor-widget-heading .elementor-heading-title.elementor-size-xl{font-size:39px}.elementor-widget-heading .elementor-heading-title.elementor-size-xxl{font-size:59px}<\/style><h2 class=\"elementor-heading-title elementor-size-default\">TEACHER RESOURCES<\/h2>\t\t<\/div>\n\t\t\t\t<\/div>\n\t\t\t\t<div class=\"elementor-element elementor-element-3be38537 elementor-widget__width-initial elementor-widget elementor-widget-text-editor\" data-id=\"3be38537\" data-element_type=\"widget\" data-widget_type=\"text-editor.default\">\n\t\t\t\t<div class=\"elementor-widget-container\">\n\t\t\t<style>\/*! elementor - v3.18.0 - 04-12-2023 *\/\n.elementor-widget-text-editor.elementor-drop-cap-view-stacked .elementor-drop-cap{background-color:#69727d;color:#fff}.elementor-widget-text-editor.elementor-drop-cap-view-framed .elementor-drop-cap{color:#69727d;border:3px solid;background-color:transparent}.elementor-widget-text-editor:not(.elementor-drop-cap-view-default) .elementor-drop-cap{margin-top:8px}.elementor-widget-text-editor:not(.elementor-drop-cap-view-default) .elementor-drop-cap-letter{width:1em;height:1em}.elementor-widget-text-editor .elementor-drop-cap{float:left;text-align:center;line-height:1;font-size:50px}.elementor-widget-text-editor .elementor-drop-cap-letter{display:inline-block}<\/style>\t\t\t\t<p>Wir wissen, wie wichtig unsere Lehrer sind und wie hart Sie daran arbeiten, eine Grundlage f\u00fcr eine bessere Zukunft zu schaffen \u2013 aber wie alles andere heute sind Sie nur so stark wie Ihr schw\u00e4chstes Glied.<\/p><p>Deshalb haben wir eine Reihe wirklich sehr starker Verbindungen (wissenschaftlich fundiert und forschungsgest\u00fctzt) geschaffen, um Ihre wirklich gro\u00dfartigen Bem\u00fchungen zur Umwelterziehung im Klassenzimmer zu unterst\u00fctzen; Links zu Spielen im Unterricht, Aktivit\u00e4ten zur Emissionsreduzierung, Tipps zum Unterrichten von Umweltthemen und nat\u00fcrlich Links zu Lehrerfortbildungsseminaren, um sicherzustellen, dass Sie \u00fcber alle Ressourcen verf\u00fcgen, die Sie ben\u00f6tigen, um jeden Tag wirklich etwas Gro\u00dfartiges zu leisten. Der beste Link von allen ist jedoch unser Kurs zur Klimakompetenz. Begeben Sie sich noch heute auf die Reise.<\/p>\t\t\t\t\t\t<\/div>\n\t\t\t\t<\/div>\n\t\t\t\t<div class=\"elementor-element elementor-element-6c77b738 elementor-align-center elementor-widget elementor-widget-button\" data-id=\"6c77b738\" data-element_type=\"widget\" data-widget_type=\"button.default\">\n\t\t\t\t<div class=\"elementor-widget-container\">\n\t\t\t\t\t<div class=\"elementor-button-wrapper\">\n\t\t\t<a class=\"elementor-button elementor-button-link elementor-size-sm\" href=\"https:\/\/artemisgames.org\/home\" target=\"_blank\">\n\t\t\t\t\t\t<span class=\"elementor-button-content-wrapper\">\n\t\t\t\t\t\t<span class=\"elementor-button-text\">Fang hier an<\/span>\n\t\t<\/span>\n\t\t\t\t\t<\/a>\n\t\t<\/div>\n\t\t\t\t<\/div>\n\t\t\t\t<\/div>\n\t\t\t\t<\/div>\n\t\t<div class=\"elementor-element elementor-element-152e7e97 e-con-full e-flex e-con e-child\" data-id=\"152e7e97\" data-element_type=\"container\" data-settings=\"{&quot;content_width&quot;:&quot;full&quot;,&quot;background_background&quot;:&quot;classic&quot;}\">\n\t\t\t\t<div class=\"elementor-element elementor-element-68045ecb elementor-widget__width-initial elementor-widget-mobile__width-initial elementor-widget elementor-widget-image\" data-id=\"68045ecb\" data-element_type=\"widget\" data-widget_type=\"image.default\">\n\t\t\t\t<div class=\"elementor-widget-container\">\n\t\t\t<style>\/*! elementor - v3.18.0 - 04-12-2023 *\/\n.elementor-widget-image{text-align:center}.elementor-widget-image a{display:inline-block}.elementor-widget-image a img[src$=\".svg\"]{width:48px}.elementor-widget-image img{vertical-align:middle;display:inline-block}<\/style>\t\t\t\t\t\t\t\t\t\t\t\t<img fetchpriority=\"high\" decoding=\"async\" width=\"800\" height=\"534\" src=\"https:\/\/earthspeople.org\/wp-content\/uploads\/2023\/11\/clark-tibbs-oqStl2L5oxI-unsplash-1024x683.jpg\" class=\"attachment-large size-large wp-image-360\" alt=\"\" srcset=\"https:\/\/earthspeople.org\/wp-content\/uploads\/2023\/11\/clark-tibbs-oqStl2L5oxI-unsplash-1024x683.jpg 1024w, https:\/\/earthspeople.org\/wp-content\/uploads\/2023\/11\/clark-tibbs-oqStl2L5oxI-unsplash-300x200.jpg 300w, https:\/\/earthspeople.org\/wp-content\/uploads\/2023\/11\/clark-tibbs-oqStl2L5oxI-unsplash-768x512.jpg 768w, https:\/\/earthspeople.org\/wp-content\/uploads\/2023\/11\/clark-tibbs-oqStl2L5oxI-unsplash-1536x1024.jpg 1536w, https:\/\/earthspeople.org\/wp-content\/uploads\/2023\/11\/clark-tibbs-oqStl2L5oxI-unsplash-2048x1365.jpg 2048w\" sizes=\"(max-width: 800px) 100vw, 800px\" \/>\t\t\t\t\t\t\t\t\t\t\t\t\t\t\t<\/div>\n\t\t\t\t<\/div>\n\t\t\t\t<\/div>\n\t\t\t\t\t<\/div>\n\t\t\t\t<\/div>\n\t\t\t\t\t\t\t<\/div>","protected":false},"excerpt":{"rendered":"<p>TEACHER RESOURCES We know how important our teachers are and how hard you work to create a foundation for a brighter future\u2013 but, like everything else today, you are only as strong as your weakest link. So we have created a series of really, really strong links (science-backed and research-supported) to support your really, really [&hellip;]<\/p>","protected":false},"author":1,"featured_media":0,"parent":0,"menu_order":0,"comment_status":"closed","ping_status":"closed","template":"","meta":{"footnotes":""},"class_list":["post-358","page","type-page","status-publish","hentry"],"_links":{"self":[{"href":"https:\/\/earthspeople.org\/de\/wp-json\/wp\/v2\/pages\/358","targetHints":{"allow":["GET"]}}],"collection":[{"href":"https:\/\/earthspeople.org\/de\/wp-json\/wp\/v2\/pages"}],"about":[{"href":"https:\/\/earthspeople.org\/de\/wp-json\/wp\/v2\/types\/page"}],"author":[{"embeddable":true,"href":"https:\/\/earthspeople.org\/de\/wp-json\/wp\/v2\/users\/1"}],"replies":[{"embeddable":true,"href":"https:\/\/earthspeople.org\/de\/wp-json\/wp\/v2\/comments?post=358"}],"version-history":[{"count":22,"href":"https:\/\/earthspeople.org\/de\/wp-json\/wp\/v2\/pages\/358\/revisions"}],"predecessor-version":[{"id":630,"href":"https:\/\/earthspeople.org\/de\/wp-json\/wp\/v2\/pages\/358\/revisions\/630"}],"wp:attachment":[{"href":"https:\/\/earthspeople.org\/de\/wp-json\/wp\/v2\/media?parent=358"}],"curies":[{"name":"wp","href":"https:\/\/api.w.org\/{rel}","templated":true}]}}