{"id":305,"date":"2023-11-27T13:08:51","date_gmt":"2023-11-27T13:08:51","guid":{"rendered":"https:\/\/earthspeople.org\/?page_id=305"},"modified":"2023-11-30T12:22:50","modified_gmt":"2023-11-30T12:22:50","slug":"resources","status":"publish","type":"page","link":"https:\/\/earthspeople.org\/de\/resources\/","title":{"rendered":"RESSOURCEN"},"content":{"rendered":"<div data-elementor-type=\"wp-page\" data-elementor-id=\"305\" class=\"elementor elementor-305\" data-elementor-post-type=\"page\">\n\t\t\t\t\t\t\t<div class=\"elementor-element elementor-element-60f30551 e-flex e-con-boxed e-con e-parent\" data-id=\"60f30551\" data-element_type=\"container\" data-settings=\"{&quot;content_width&quot;:&quot;boxed&quot;}\" data-core-v316-plus=\"true\">\n\t\t\t\t\t<div class=\"e-con-inner\">\n\t\t<div class=\"elementor-element elementor-element-ab0602a e-con-full e-flex e-con e-child\" data-id=\"ab0602a\" data-element_type=\"container\" data-settings=\"{&quot;content_width&quot;:&quot;full&quot;}\">\n\t\t\t\t<\/div>\n\t\t<div class=\"elementor-element elementor-element-55fd5bd5 e-con-full e-flex e-con e-child\" data-id=\"55fd5bd5\" data-element_type=\"container\" data-settings=\"{&quot;content_width&quot;:&quot;full&quot;}\">\n\t\t\t\t<div class=\"elementor-element elementor-element-5f120710 elementor-widget__width-initial elementor-widget elementor-widget-heading\" data-id=\"5f120710\" data-element_type=\"widget\" data-widget_type=\"heading.default\">\n\t\t\t\t<div class=\"elementor-widget-container\">\n\t\t\t<style>\/*! elementor - v3.18.0 - 04-12-2023 *\/\n.elementor-heading-title{padding:0;margin:0;line-height:1}.elementor-widget-heading .elementor-heading-title[class*=elementor-size-]>a{color:inherit;font-size:inherit;line-height:inherit}.elementor-widget-heading .elementor-heading-title.elementor-size-small{font-size:15px}.elementor-widget-heading .elementor-heading-title.elementor-size-medium{font-size:19px}.elementor-widget-heading .elementor-heading-title.elementor-size-large{font-size:29px}.elementor-widget-heading .elementor-heading-title.elementor-size-xl{font-size:39px}.elementor-widget-heading .elementor-heading-title.elementor-size-xxl{font-size:59px}<\/style><h2 class=\"elementor-heading-title elementor-size-default\">RESSOURCEN<\/h2>\t\t<\/div>\n\t\t\t\t<\/div>\n\t\t\t\t<div class=\"elementor-element elementor-element-6ba1e064 elementor-widget__width-initial elementor-widget elementor-widget-text-editor\" data-id=\"6ba1e064\" data-element_type=\"widget\" data-widget_type=\"text-editor.default\">\n\t\t\t\t<div class=\"elementor-widget-container\">\n\t\t\t<style>\/*! elementor - v3.18.0 - 04-12-2023 *\/\n.elementor-widget-text-editor.elementor-drop-cap-view-stacked .elementor-drop-cap{background-color:#69727d;color:#fff}.elementor-widget-text-editor.elementor-drop-cap-view-framed .elementor-drop-cap{color:#69727d;border:3px solid;background-color:transparent}.elementor-widget-text-editor:not(.elementor-drop-cap-view-default) .elementor-drop-cap{margin-top:8px}.elementor-widget-text-editor:not(.elementor-drop-cap-view-default) .elementor-drop-cap-letter{width:1em;height:1em}.elementor-widget-text-editor .elementor-drop-cap{float:left;text-align:center;line-height:1;font-size:50px}.elementor-widget-text-editor .elementor-drop-cap-letter{display:inline-block}<\/style>\t\t\t\t<p style=\"line-height: 150%; margin-top: 0pt; margin-bottom: 0pt; margin-left: 0in; direction: ltr; unicode-bidi: embed; word-break: normal;\"><span style=\"font-size: 11pt; font-family: Montserrat; color: black;\">Egal, ob Sie als Eltern Ihre Kinder \u00fcber Umweltthemen aufkl\u00e4ren m\u00f6chten oder als Lehrer Klimakompetenz in Ihren Lehrplan integrieren m\u00f6chten, es stehen Ihnen zahlreiche Ressourcen zur Verf\u00fcgung. Arbeitsbl\u00e4tter, digitale Spiele, Aktivit\u00e4ten zur Emissionsreduzierung, Seminare und Workshops zur Lehrerfortbildung sowie Kommunikationstipps sind nur einige der vielen Tools, die Ihnen zur Verf\u00fcgung stehen. Indem Sie diese Ressourcen nutzen, k\u00f6nnen Sie junge Menschen dazu bef\u00e4higen, informierte und engagierte B\u00fcrger zu werden, die bereit sind, die komplexen Umweltherausforderungen unserer Zeit anzugehen.<\/span><\/p><p style=\"line-height: 150%; margin-top: 0pt; margin-bottom: 0pt; margin-left: 0in; direction: ltr; unicode-bidi: embed; word-break: normal;\">\u00a0<\/p>\t\t\t\t\t\t<\/div>\n\t\t\t\t<\/div>\n\t\t\t\t<div class=\"elementor-element elementor-element-9b8c81f elementor-align-center elementor-widget elementor-widget-button\" data-id=\"9b8c81f\" data-element_type=\"widget\" data-widget_type=\"button.default\">\n\t\t\t\t<div class=\"elementor-widget-container\">\n\t\t\t\t\t<div class=\"elementor-button-wrapper\">\n\t\t\t<a class=\"elementor-button elementor-button-link elementor-size-sm\" href=\"https:\/\/earthspeople.org\/de\/teacher-resources\/\">\n\t\t\t\t\t\t<span class=\"elementor-button-content-wrapper\">\n\t\t\t\t\t\t<span class=\"elementor-button-text\">Ressourcen f\u00fcr Lehrer<\/span>\n\t\t<\/span>\n\t\t\t\t\t<\/a>\n\t\t<\/div>\n\t\t\t\t<\/div>\n\t\t\t\t<\/div>\n\t\t\t\t<div class=\"elementor-element elementor-element-f2df6ed elementor-align-center elementor-widget elementor-widget-button\" data-id=\"f2df6ed\" data-element_type=\"widget\" data-widget_type=\"button.default\">\n\t\t\t\t<div class=\"elementor-widget-container\">\n\t\t\t\t\t<div class=\"elementor-button-wrapper\">\n\t\t\t<a class=\"elementor-button elementor-button-link elementor-size-sm\" href=\"https:\/\/earthspeople.org\/de\/parent-resources\/\">\n\t\t\t\t\t\t<span class=\"elementor-button-content-wrapper\">\n\t\t\t\t\t\t<span class=\"elementor-button-text\">Ressourcen f\u00fcr Eltern<\/span>\n\t\t<\/span>\n\t\t\t\t\t<\/a>\n\t\t<\/div>\n\t\t\t\t<\/div>\n\t\t\t\t<\/div>\n\t\t\t\t<\/div>\n\t\t<div class=\"elementor-element elementor-element-3ef4db7c e-con-full e-flex e-con e-child\" data-id=\"3ef4db7c\" data-element_type=\"container\" data-settings=\"{&quot;content_width&quot;:&quot;full&quot;}\">\n\t\t\t\t<div class=\"elementor-element elementor-element-1feca4fe elementor-widget__width-initial elementor-widget-mobile__width-initial elementor-hidden-tablet elementor-widget elementor-widget-image\" data-id=\"1feca4fe\" data-element_type=\"widget\" data-widget_type=\"image.default\">\n\t\t\t\t<div class=\"elementor-widget-container\">\n\t\t\t<style>\/*! elementor - v3.18.0 - 04-12-2023 *\/\n.elementor-widget-image{text-align:center}.elementor-widget-image a{display:inline-block}.elementor-widget-image a img[src$=\".svg\"]{width:48px}.elementor-widget-image img{vertical-align:middle;display:inline-block}<\/style>\t\t\t\t\t\t\t\t\t\t\t\t<img fetchpriority=\"high\" decoding=\"async\" width=\"800\" height=\"739\" src=\"https:\/\/earthspeople.org\/wp-content\/uploads\/2023\/11\/Resources-1024x946.png\" class=\"attachment-large size-large wp-image-308\" alt=\"\" srcset=\"https:\/\/earthspeople.org\/wp-content\/uploads\/2023\/11\/Resources-1024x946.png 1024w, https:\/\/earthspeople.org\/wp-content\/uploads\/2023\/11\/Resources-300x277.png 300w, https:\/\/earthspeople.org\/wp-content\/uploads\/2023\/11\/Resources-768x709.png 768w, https:\/\/earthspeople.org\/wp-content\/uploads\/2023\/11\/Resources-1536x1419.png 1536w, https:\/\/earthspeople.org\/wp-content\/uploads\/2023\/11\/Resources-2048x1891.png 2048w\" sizes=\"(max-width: 800px) 100vw, 800px\" \/>\t\t\t\t\t\t\t\t\t\t\t\t\t\t\t<\/div>\n\t\t\t\t<\/div>\n\t\t\t\t<\/div>\n\t\t\t\t\t<\/div>\n\t\t\t\t<\/div>\n\t\t\t\t\t\t\t<\/div>","protected":false},"excerpt":{"rendered":"<p>RESOURCES Whether you&#8217;re a parent looking to educate your children about environmental issues or a teacher looking to integrate climate literacy into your curriculum, there are a variety of resources available to help. Worksheets, digital games, emission reduction activities, teacher training seminars and workshops, and communication tips are just a few of the many tools [&hellip;]<\/p>","protected":false},"author":1,"featured_media":0,"parent":0,"menu_order":0,"comment_status":"closed","ping_status":"closed","template":"","meta":{"footnotes":""},"class_list":["post-305","page","type-page","status-publish","hentry"],"_links":{"self":[{"href":"https:\/\/earthspeople.org\/de\/wp-json\/wp\/v2\/pages\/305","targetHints":{"allow":["GET"]}}],"collection":[{"href":"https:\/\/earthspeople.org\/de\/wp-json\/wp\/v2\/pages"}],"about":[{"href":"https:\/\/earthspeople.org\/de\/wp-json\/wp\/v2\/types\/page"}],"author":[{"embeddable":true,"href":"https:\/\/earthspeople.org\/de\/wp-json\/wp\/v2\/users\/1"}],"replies":[{"embeddable":true,"href":"https:\/\/earthspeople.org\/de\/wp-json\/wp\/v2\/comments?post=305"}],"version-history":[{"count":43,"href":"https:\/\/earthspeople.org\/de\/wp-json\/wp\/v2\/pages\/305\/revisions"}],"predecessor-version":[{"id":627,"href":"https:\/\/earthspeople.org\/de\/wp-json\/wp\/v2\/pages\/305\/revisions\/627"}],"wp:attachment":[{"href":"https:\/\/earthspeople.org\/de\/wp-json\/wp\/v2\/media?parent=305"}],"curies":[{"name":"wp","href":"https:\/\/api.w.org\/{rel}","templated":true}]}}