{"id":3,"date":"2023-11-25T10:41:33","date_gmt":"2023-11-25T10:41:33","guid":{"rendered":"https:\/\/earthspeople.org\/?page_id=3"},"modified":"2023-12-05T14:49:18","modified_gmt":"2023-12-05T14:49:18","slug":"privacy-policy","status":"publish","type":"page","link":"https:\/\/earthspeople.org\/de\/privacy-policy\/","title":{"rendered":"Privacy Policy"},"content":{"rendered":"<div data-elementor-type=\"wp-page\" data-elementor-id=\"3\" class=\"elementor elementor-3\" data-elementor-post-type=\"page\">\n\t\t\t\t\t\t\t<div class=\"elementor-element elementor-element-26cdb7ca e-flex e-con-boxed e-con e-parent\" data-id=\"26cdb7ca\" data-element_type=\"container\" data-settings=\"{&quot;content_width&quot;:&quot;boxed&quot;}\" data-core-v316-plus=\"true\">\n\t\t\t\t\t<div class=\"e-con-inner\">\n\t\t\t\t<div class=\"elementor-element elementor-element-4e570bb3 elementor-widget elementor-widget-text-editor\" data-id=\"4e570bb3\" data-element_type=\"widget\" data-widget_type=\"text-editor.default\">\n\t\t\t\t<div class=\"elementor-widget-container\">\n\t\t\t<style>\/*! elementor - v3.18.0 - 04-12-2023 *\/\n.elementor-widget-text-editor.elementor-drop-cap-view-stacked .elementor-drop-cap{background-color:#69727d;color:#fff}.elementor-widget-text-editor.elementor-drop-cap-view-framed .elementor-drop-cap{color:#69727d;border:3px solid;background-color:transparent}.elementor-widget-text-editor:not(.elementor-drop-cap-view-default) .elementor-drop-cap{margin-top:8px}.elementor-widget-text-editor:not(.elementor-drop-cap-view-default) .elementor-drop-cap-letter{width:1em;height:1em}.elementor-widget-text-editor .elementor-drop-cap{float:left;text-align:center;line-height:1;font-size:50px}.elementor-widget-text-editor .elementor-drop-cap-letter{display:inline-block}<\/style>\t\t\t\t<p><!-- wp:heading --><\/p>\n<h2 class=\"wp-block-heading\"><span style=\"color: var( --e-global-color-text ); font-family: var( --e-global-typography-text-font-family ), Sans-serif; font-weight: var( --e-global-typography-text-font-weight ); text-align: var(--text-align); font-size: 1rem;\">Die Website-Adresse lautet: https:\/\/earthspeople.org.<\/span><\/h2>\n<p><!-- \/wp:paragraph --><\/p>\n<p><!-- wp:heading --><\/p>\n<p>Diese Website erhebt keine personenbezogenen Daten. Wir verwenden keine Cookies, verfolgen das Benutzerverhalten nicht und geben keine Daten an Dritte weiter.<\/p>\n<h2 class=\"wp-block-heading\"><span style=\"color: var( --e-global-color-text ); font-family: var( --e-global-typography-text-font-family ), Sans-serif; font-weight: var( --e-global-typography-text-font-weight ); text-align: var(--text-align); font-size: 1rem;\">Wenn Sie unser Kontaktformular nutzen, erheben und speichern wir Ihren Namen und Ihre E-Mail-Adresse. Diese Informationen werden ausschlie\u00dflich zur Beantwortung Ihrer Anfrage verwendet und nicht an Dritte weitergegeben. Wir werden diese Informationen nicht f\u00fcr Marketing- oder andere Zwecke verwenden. Durch die Nutzung unseres Kontaktformulars erkl\u00e4ren Sie sich mit der Erhebung und Speicherung dieser Daten einverstanden.<\/span><\/h2>\n<p><!-- \/wp:paragraph --><\/p>\n<p><!-- wp:paragraph --><\/p>\n<p>Wir respektieren Ihre Privatsph\u00e4re und verpflichten uns, diese zu sch\u00fctzen. Diese Datenschutzerkl\u00e4rung ist im Einklang mit der Datenschutz-Grundverordnung (DSGVO) konzipiert.<\/p>\n<p><!-- \/wp:paragraph --><\/p>\t\t\t\t\t\t<\/div>\n\t\t\t\t<\/div>\n\t\t\t\t\t<\/div>\n\t\t\t\t<\/div>\n\t\t\t\t\t\t\t<\/div>","protected":false},"excerpt":{"rendered":"<p>The website address is: https:\/\/earthspeople.org. This website does not collect any personal data. We do not use cookies, track user behaviour, or share data with any third parties. If you choose to use our contact form, we will collect and store your name and email address. This information will only be used to respond to [&hellip;]<\/p>","protected":false},"author":1,"featured_media":0,"parent":0,"menu_order":0,"comment_status":"closed","ping_status":"open","template":"","meta":{"footnotes":""},"class_list":["post-3","page","type-page","status-publish","hentry"],"_links":{"self":[{"href":"https:\/\/earthspeople.org\/de\/wp-json\/wp\/v2\/pages\/3","targetHints":{"allow":["GET"]}}],"collection":[{"href":"https:\/\/earthspeople.org\/de\/wp-json\/wp\/v2\/pages"}],"about":[{"href":"https:\/\/earthspeople.org\/de\/wp-json\/wp\/v2\/types\/page"}],"author":[{"embeddable":true,"href":"https:\/\/earthspeople.org\/de\/wp-json\/wp\/v2\/users\/1"}],"replies":[{"embeddable":true,"href":"https:\/\/earthspeople.org\/de\/wp-json\/wp\/v2\/comments?post=3"}],"version-history":[{"count":11,"href":"https:\/\/earthspeople.org\/de\/wp-json\/wp\/v2\/pages\/3\/revisions"}],"predecessor-version":[{"id":657,"href":"https:\/\/earthspeople.org\/de\/wp-json\/wp\/v2\/pages\/3\/revisions\/657"}],"wp:attachment":[{"href":"https:\/\/earthspeople.org\/de\/wp-json\/wp\/v2\/media?parent=3"}],"curies":[{"name":"wp","href":"https:\/\/api.w.org\/{rel}","templated":true}]}}