{"id":29,"date":"2023-11-25T11:38:01","date_gmt":"2023-11-25T11:38:01","guid":{"rendered":"https:\/\/earthspeople.org\/?page_id=29"},"modified":"2023-12-13T12:09:06","modified_gmt":"2023-12-13T12:09:06","slug":"29-2","status":"publish","type":"page","link":"https:\/\/earthspeople.org\/de\/","title":{"rendered":"HOME"},"content":{"rendered":"<div data-elementor-type=\"wp-page\" data-elementor-id=\"29\" class=\"elementor elementor-29\" data-elementor-post-type=\"page\">\n\t\t\t\t\t\t\t<div class=\"elementor-element elementor-element-110a3df e-flex e-con-boxed e-con e-parent\" data-id=\"110a3df\" data-element_type=\"container\" data-settings=\"{&quot;content_width&quot;:&quot;boxed&quot;}\" data-core-v316-plus=\"true\">\n\t\t\t\t\t<div class=\"e-con-inner\">\n\t\t<div class=\"elementor-element elementor-element-86b7a82 e-con-full elementor-hidden-tablet elementor-hidden-mobile e-flex e-con e-child\" data-id=\"86b7a82\" data-element_type=\"container\" data-settings=\"{&quot;content_width&quot;:&quot;full&quot;}\">\n\t\t\t\t<\/div>\n\t\t<div class=\"elementor-element elementor-element-663b21e e-con-full e-flex e-con e-child\" data-id=\"663b21e\" data-element_type=\"container\" data-settings=\"{&quot;content_width&quot;:&quot;full&quot;}\">\n\t\t<div class=\"elementor-element elementor-element-320c79d e-con-full e-flex e-con e-child\" data-id=\"320c79d\" data-element_type=\"container\" data-settings=\"{&quot;content_width&quot;:&quot;full&quot;,&quot;background_background&quot;:&quot;classic&quot;}\">\n\t\t\t\t<div class=\"elementor-element elementor-element-6b4c56c elementor-widget elementor-widget-text-editor\" data-id=\"6b4c56c\" data-element_type=\"widget\" data-widget_type=\"text-editor.default\">\n\t\t\t\t<div class=\"elementor-widget-container\">\n\t\t\t<style>\/*! elementor - v3.18.0 - 04-12-2023 *\/\n.elementor-widget-text-editor.elementor-drop-cap-view-stacked .elementor-drop-cap{background-color:#69727d;color:#fff}.elementor-widget-text-editor.elementor-drop-cap-view-framed .elementor-drop-cap{color:#69727d;border:3px solid;background-color:transparent}.elementor-widget-text-editor:not(.elementor-drop-cap-view-default) .elementor-drop-cap{margin-top:8px}.elementor-widget-text-editor:not(.elementor-drop-cap-view-default) .elementor-drop-cap-letter{width:1em;height:1em}.elementor-widget-text-editor .elementor-drop-cap{float:left;text-align:center;line-height:1;font-size:50px}.elementor-widget-text-editor .elementor-drop-cap-letter{display:inline-block}<\/style>\t\t\t\t<p>EARTH'S PEOPLE<\/p>\t\t\t\t\t\t<\/div>\n\t\t\t\t<\/div>\n\t\t\t\t<div class=\"elementor-element elementor-element-808ce7b elementor-widget__width-initial elementor-widget-tablet__width-initial elementor-widget-mobile__width-initial elementor-widget elementor-widget-text-editor\" data-id=\"808ce7b\" data-element_type=\"widget\" data-widget_type=\"text-editor.default\">\n\t\t\t\t<div class=\"elementor-widget-container\">\n\t\t\t\t\t\t\t<p><span style=\"text-align: var(--text-align);\">Angesichts eines sich schnell erw\u00e4rmenden Planeten stehen wir zunehmend unter Druck, die globale Krise des Klimawandels und die anhaltende Umweltzerst\u00f6rung anzugehen.<\/span><br><\/p>\n<p>Als Eltern, Lehrer und F\u00fchrungskr\u00e4fte ist es unsere Aufgabe, unsere Kinder proaktiv mit der intellektuellen R\u00fcstung auszustatten, die sie ben\u00f6tigen, um die bevorstehenden Umweltbedrohungen zu meistern \u2013 und ihnen Hoffnung f\u00fcr die Zukunft zu geben.<\/p>\n<p><b>Jeder Tag, den wir verz\u00f6gern, ist ein verlorener Tag.<\/b><\/p>\n<p>Durch die F\u00f6rderung der Umweltkompetenz k\u00f6nnen wir unsere Kinder zu Innovation und Widerstandsf\u00e4higkeit inspirieren \u2013 und sie dazu bef\u00e4higen, im Kampf f\u00fcr eine nachhaltige Welt eine F\u00fchrungsrolle zu \u00fcbernehmen.<\/p>\n<p><b>Es dauert nur einen einzigen Moment, um die Welt zu ver\u00e4ndern.<\/b><\/p>\n<p>Begleiten Sie uns bei unserer Mission, die n\u00e4chste Generation von Umweltf\u00fchrern auszubilden und zu st\u00e4rken. Gemeinsam k\u00f6nnen wir eine bessere und gerechtere Zukunft schaffen.<\/p>\t\t\t\t\t\t<\/div>\n\t\t\t\t<\/div>\n\t\t\t\t<\/div>\n\t\t\t\t<\/div>\n\t\t\t\t\t<\/div>\n\t\t\t\t<\/div>\n\t\t<div class=\"elementor-element elementor-element-b39315d e-flex e-con-boxed e-con e-parent\" data-id=\"b39315d\" data-element_type=\"container\" data-settings=\"{&quot;content_width&quot;:&quot;boxed&quot;}\" data-core-v316-plus=\"true\">\n\t\t\t\t\t<div class=\"e-con-inner\">\n\t\t<div class=\"elementor-element elementor-element-311fc293 e-con-full e-flex e-con e-child\" data-id=\"311fc293\" data-element_type=\"container\" data-settings=\"{&quot;content_width&quot;:&quot;full&quot;}\">\n\t\t\t\t<\/div>\n\t\t<div class=\"elementor-element elementor-element-45379827 e-con-full e-flex e-con e-child\" data-id=\"45379827\" data-element_type=\"container\" data-settings=\"{&quot;content_width&quot;:&quot;full&quot;}\">\n\t\t\t\t<div class=\"elementor-element elementor-element-30b04264 elementor-widget__width-initial elementor-widget-tablet__width-initial elementor-widget-mobile__width-initial elementor-hidden-mobile elementor-widget elementor-widget-image\" data-id=\"30b04264\" data-element_type=\"widget\" data-widget_type=\"image.default\">\n\t\t\t\t<div class=\"elementor-widget-container\">\n\t\t\t<style>\/*! elementor - v3.18.0 - 04-12-2023 *\/\n.elementor-widget-image{text-align:center}.elementor-widget-image a{display:inline-block}.elementor-widget-image a img[src$=\".svg\"]{width:48px}.elementor-widget-image img{vertical-align:middle;display:inline-block}<\/style>\t\t\t\t\t\t\t\t\t\t\t\t<img fetchpriority=\"high\" decoding=\"async\" width=\"800\" height=\"795\" src=\"https:\/\/earthspeople.org\/wp-content\/uploads\/2023\/11\/OurStory-1024x1018.png\" class=\"attachment-large size-large wp-image-545\" alt=\"\" srcset=\"https:\/\/earthspeople.org\/wp-content\/uploads\/2023\/11\/OurStory-1024x1018.png 1024w, https:\/\/earthspeople.org\/wp-content\/uploads\/2023\/11\/OurStory-300x298.png 300w, https:\/\/earthspeople.org\/wp-content\/uploads\/2023\/11\/OurStory-150x150.png 150w, https:\/\/earthspeople.org\/wp-content\/uploads\/2023\/11\/OurStory-768x764.png 768w, https:\/\/earthspeople.org\/wp-content\/uploads\/2023\/11\/OurStory-1536x1527.png 1536w, https:\/\/earthspeople.org\/wp-content\/uploads\/2023\/11\/OurStory-2048x2037.png 2048w\" sizes=\"(max-width: 800px) 100vw, 800px\" \/>\t\t\t\t\t\t\t\t\t\t\t\t\t\t\t<\/div>\n\t\t\t\t<\/div>\n\t\t\t\t<\/div>\n\t\t<div class=\"elementor-element elementor-element-73b17c58 e-con-full e-flex e-con e-child\" data-id=\"73b17c58\" data-element_type=\"container\" data-settings=\"{&quot;content_width&quot;:&quot;full&quot;}\">\n\t\t\t\t<div class=\"elementor-element elementor-element-7160dd1 elementor-widget elementor-widget-text-editor\" data-id=\"7160dd1\" data-element_type=\"widget\" data-widget_type=\"text-editor.default\">\n\t\t\t\t<div class=\"elementor-widget-container\">\n\t\t\t\t\t\t\t<p>UNSERE BISHERIGE GESCHICHTE\u2026<\/p>\t\t\t\t\t\t<\/div>\n\t\t\t\t<\/div>\n\t\t\t\t<div class=\"elementor-element elementor-element-6c4b4d4e elementor-widget__width-initial elementor-widget elementor-widget-text-editor\" data-id=\"6c4b4d4e\" data-element_type=\"widget\" data-widget_type=\"text-editor.default\">\n\t\t\t\t<div class=\"elementor-widget-container\">\n\t\t\t\t\t\t\t<p style=\"line-height: 150%; margin-top: 0pt; margin-bottom: 0pt; margin-left: 0in; direction: ltr; unicode-bidi: embed; word-break: normal;\"><span style=\"font-size: 11pt; font-family: Montserrat; color: black;\">Earth\u2019s People wurde 2007 als klasseninternes Outreach-Programm gestartet, um dem steigenden Bedarf an Klima- und Umweltkompetenz in Schulen gerecht zu werden. Heute bietet Earth\u2019s People jetzt interaktive 3D-Spiele an, die sich auf umweltwissenschaftliche Bildung und \u201eSpiele f\u00fcr den guten Zweck\u201c konzentrieren. Wir wissen, dass es viele engagierte und sehr f\u00fcrsorgliche Lehrer und P\u00e4dagogen gibt, die im Klassenzimmer mehr tun m\u00f6chten, aber nicht \u00fcber die Ressourcen und die Zeit verf\u00fcgen, um dies umzusetzen.<\/span><\/p><p style=\"line-height: 150%; margin-top: 0pt; margin-bottom: 0pt; margin-left: 0in; direction: ltr; unicode-bidi: embed; word-break: normal;\"><span style=\"font-size: 11.0pt; font-family: Montserrat; mso-ascii-font-family: Montserrat; mso-fareast-font-family: Inter; mso-bidi-font-family: +mn-cs; mso-bidi-theme-font: minor-bidi; color: black; mso-color-index: 1; mso-font-kerning: 12.0pt; language: en-GB; mso-style-textfill-type: solid; mso-style-textfill-fill-themecolor: text1; mso-style-textfill-fill-color: black; mso-style-textfill-fill-alpha: 100.0%;\">\u00a0<\/span><\/p><p style=\"line-height: 150%; margin-top: 0pt; margin-bottom: 0pt; margin-left: 0in; direction: ltr; unicode-bidi: embed; word-break: normal;\"><span style=\"color: #000000; font-family: Montserrat;\"><span style=\"font-size: 14.6667px;\">Um all diese hart arbeitenden Lehrer dort abzuholen, wo sie sind, haben wir die Arbeit f\u00fcr sie erledigt: Wir haben alle internationalen Klimakompetenzprogramme \u00fcberpr\u00fcft, einen einzigartigen p\u00e4dagogischen Designrahmen f\u00fcr spielerisches Lernen entwickelt und das Material an die nationalen angepasst Lehrpl\u00e4ne und fasste sie in einer leicht zug\u00e4nglichen Plattform zusammen. Wir bieten jetzt einen vollst\u00e4ndigen Kurs \u00fcber Klimawissenschaften an \u2013 einen Kurs, der die physikalischen und chemischen Mechanismen des Klimasystems der Erde im Gleichgewicht ausf\u00fchrlich behandelt. Es ist unser Flaggschiff-Kurs mit einem neuen Kurs zum Thema Klimawandel und Klimawandel, der im Jahr 2024 angeboten wird. Schauen Sie vorbei \u2026<\/span><\/span><\/p><p style=\"line-height: 150%; margin-top: 0pt; margin-bottom: 0pt; margin-left: 0in; direction: ltr; unicode-bidi: embed; word-break: normal;\">\u00a0<\/p>\t\t\t\t\t\t<\/div>\n\t\t\t\t<\/div>\n\t\t\t\t<div class=\"elementor-element elementor-element-6895a8a6 elementor-align-center elementor-widget elementor-widget-button\" data-id=\"6895a8a6\" data-element_type=\"widget\" data-widget_type=\"button.default\">\n\t\t\t\t<div class=\"elementor-widget-container\">\n\t\t\t\t\t<div class=\"elementor-button-wrapper\">\n\t\t\t<a class=\"elementor-button elementor-button-link elementor-size-sm\" href=\"https:\/\/artemisgames.org\/home\" target=\"_blank\">\n\t\t\t\t\t\t<span class=\"elementor-button-content-wrapper\">\n\t\t\t\t\t\t<span class=\"elementor-button-text\">Bereit, Spieler eins<\/span>\n\t\t<\/span>\n\t\t\t\t\t<\/a>\n\t\t<\/div>\n\t\t\t\t<\/div>\n\t\t\t\t<\/div>\n\t\t\t\t<\/div>\n\t\t\t\t\t<\/div>\n\t\t\t\t<\/div>\n\t\t\t\t\t\t\t<\/div>","protected":false},"excerpt":{"rendered":"<p>EARTH&#8217;S PEOPLE In the face of a rapidly warming planet, we are under increasing pressure to address the global crisis of climate change and ongoing environmental degradation. As parents, teachers and leaders, it is our job to pro-actively equip our children with the intellectual armour they will need to overcome the environmental threats that lie [&hellip;]<\/p>","protected":false},"author":1,"featured_media":0,"parent":0,"menu_order":0,"comment_status":"closed","ping_status":"closed","template":"","meta":{"footnotes":""},"class_list":["post-29","page","type-page","status-publish","hentry"],"_links":{"self":[{"href":"https:\/\/earthspeople.org\/de\/wp-json\/wp\/v2\/pages\/29","targetHints":{"allow":["GET"]}}],"collection":[{"href":"https:\/\/earthspeople.org\/de\/wp-json\/wp\/v2\/pages"}],"about":[{"href":"https:\/\/earthspeople.org\/de\/wp-json\/wp\/v2\/types\/page"}],"author":[{"embeddable":true,"href":"https:\/\/earthspeople.org\/de\/wp-json\/wp\/v2\/users\/1"}],"replies":[{"embeddable":true,"href":"https:\/\/earthspeople.org\/de\/wp-json\/wp\/v2\/comments?post=29"}],"version-history":[{"count":130,"href":"https:\/\/earthspeople.org\/de\/wp-json\/wp\/v2\/pages\/29\/revisions"}],"predecessor-version":[{"id":724,"href":"https:\/\/earthspeople.org\/de\/wp-json\/wp\/v2\/pages\/29\/revisions\/724"}],"wp:attachment":[{"href":"https:\/\/earthspeople.org\/de\/wp-json\/wp\/v2\/media?parent=29"}],"curies":[{"name":"wp","href":"https:\/\/api.w.org\/{rel}","templated":true}]}}