{"id":288,"date":"2023-11-27T12:16:29","date_gmt":"2023-11-27T12:16:29","guid":{"rendered":"https:\/\/earthspeople.org\/?page_id=288"},"modified":"2023-12-14T09:27:30","modified_gmt":"2023-12-14T09:27:30","slug":"resilience-building","status":"publish","type":"page","link":"https:\/\/earthspeople.org\/de\/resilience-building\/","title":{"rendered":"RESILIENZAUFBAU"},"content":{"rendered":"<div data-elementor-type=\"wp-page\" data-elementor-id=\"288\" class=\"elementor elementor-288\" data-elementor-post-type=\"page\">\n\t\t\t\t\t\t\t<div class=\"elementor-element elementor-element-6dfb8fbf e-flex e-con-boxed e-con e-parent\" data-id=\"6dfb8fbf\" data-element_type=\"container\" data-settings=\"{&quot;background_background&quot;:&quot;classic&quot;,&quot;content_width&quot;:&quot;boxed&quot;}\" data-core-v316-plus=\"true\">\n\t\t\t\t\t<div class=\"e-con-inner\">\n\t\t<div class=\"elementor-element elementor-element-ae22077 e-con-full elementor-hidden-mobile e-flex e-con e-child\" data-id=\"ae22077\" data-element_type=\"container\" data-settings=\"{&quot;content_width&quot;:&quot;full&quot;}\">\n\t\t\t\t<\/div>\n\t\t<div class=\"elementor-element elementor-element-1e44764b e-con-full e-flex e-con e-child\" data-id=\"1e44764b\" data-element_type=\"container\" data-settings=\"{&quot;content_width&quot;:&quot;full&quot;}\">\n\t\t\t\t<div class=\"elementor-element elementor-element-c44167c elementor-widget__width-initial elementor-widget elementor-widget-heading\" data-id=\"c44167c\" data-element_type=\"widget\" data-widget_type=\"heading.default\">\n\t\t\t\t<div class=\"elementor-widget-container\">\n\t\t\t<style>\/*! elementor - v3.18.0 - 04-12-2023 *\/\n.elementor-heading-title{padding:0;margin:0;line-height:1}.elementor-widget-heading .elementor-heading-title[class*=elementor-size-]>a{color:inherit;font-size:inherit;line-height:inherit}.elementor-widget-heading .elementor-heading-title.elementor-size-small{font-size:15px}.elementor-widget-heading .elementor-heading-title.elementor-size-medium{font-size:19px}.elementor-widget-heading .elementor-heading-title.elementor-size-large{font-size:29px}.elementor-widget-heading .elementor-heading-title.elementor-size-xl{font-size:39px}.elementor-widget-heading .elementor-heading-title.elementor-size-xxl{font-size:59px}<\/style><h2 class=\"elementor-heading-title elementor-size-default\">RESILIENZAUFBAU<\/h2>\t\t<\/div>\n\t\t\t\t<\/div>\n\t\t\t\t<div class=\"elementor-element elementor-element-3c19b8e6 elementor-widget__width-initial elementor-widget elementor-widget-text-editor\" data-id=\"3c19b8e6\" data-element_type=\"widget\" data-widget_type=\"text-editor.default\">\n\t\t\t\t<div class=\"elementor-widget-container\">\n\t\t\t<style>\/*! elementor - v3.18.0 - 04-12-2023 *\/\n.elementor-widget-text-editor.elementor-drop-cap-view-stacked .elementor-drop-cap{background-color:#69727d;color:#fff}.elementor-widget-text-editor.elementor-drop-cap-view-framed .elementor-drop-cap{color:#69727d;border:3px solid;background-color:transparent}.elementor-widget-text-editor:not(.elementor-drop-cap-view-default) .elementor-drop-cap{margin-top:8px}.elementor-widget-text-editor:not(.elementor-drop-cap-view-default) .elementor-drop-cap-letter{width:1em;height:1em}.elementor-widget-text-editor .elementor-drop-cap{float:left;text-align:center;line-height:1;font-size:50px}.elementor-widget-text-editor .elementor-drop-cap-letter{display:inline-block}<\/style>\t\t\t\t<p>Es geht nur um Hoffnung.<\/p>\n<p><\/p>\n<p>Untersuchungen zeigen, dass unseren Kindern und Jugendlichen, wenn sie nicht daran glauben, dass wir die Probleme von morgen l\u00f6sen k\u00f6nnen, auch die Motivation und der Antrieb fehlen, die n\u00f6tig sind, um die Herausforderungen des 21. Jahrhunderts zu meistern. Wir glauben, dass die einzige M\u00f6glichkeit, ein Problem zu l\u00f6sen, darin besteht, ein Problem zu l\u00f6sen \u2013 und dass es Zeit und Ressourcen verschwendet, wenn man es ignoriert, sich Sorgen macht oder sich dar\u00fcber beschwert, die man besser woanders einsetzen k\u00f6nnte. Der effektivste Weg, diese Probleme anzugehen, beginnt mit der Entwicklung unseres kollektiven Verst\u00e4ndnisses von Klimakompetenz, damit wir die Entwicklung sauberer Energie und gr\u00fcner Technologien unterst\u00fctzen und dazu beitragen k\u00f6nnen \u2013 um sicherzustellen, dass wir alle die M\u00f6glichkeiten und Chancen f\u00fcr Ver\u00e4nderungen erkennen k\u00f6nnen, wenn sie vorhanden sind vor uns.<\/p>\n<p><\/p>\n<p>Bei Earth\u2019s People bauen wir Resilienz von Grund auf auf \u2013 und so f\u00f6rdern und schaffen wir Hoffnung.<\/p>\t\t\t\t\t\t<\/div>\n\t\t\t\t<\/div>\n\t\t\t\t<div class=\"elementor-element elementor-element-28eaeda6 elementor-align-center elementor-widget elementor-widget-button\" data-id=\"28eaeda6\" data-element_type=\"widget\" data-widget_type=\"button.default\">\n\t\t\t\t<div class=\"elementor-widget-container\">\n\t\t\t\t\t<div class=\"elementor-button-wrapper\">\n\t\t\t<a class=\"elementor-button elementor-button-link elementor-size-sm\" href=\"https:\/\/artemisgames.org\/home\" target=\"_blank\">\n\t\t\t\t\t\t<span class=\"elementor-button-content-wrapper\">\n\t\t\t\t\t\t<span class=\"elementor-button-text\">Fang hier an<\/span>\n\t\t<\/span>\n\t\t\t\t\t<\/a>\n\t\t<\/div>\n\t\t\t\t<\/div>\n\t\t\t\t<\/div>\n\t\t\t\t<\/div>\n\t\t<div class=\"elementor-element elementor-element-2953f152 e-con-full elementor-hidden-tablet e-flex e-con e-child\" data-id=\"2953f152\" data-element_type=\"container\" data-settings=\"{&quot;content_width&quot;:&quot;full&quot;}\">\n\t\t\t\t<div class=\"elementor-element elementor-element-30337b4e elementor-widget__width-initial elementor-widget-mobile__width-initial elementor-hidden-tablet elementor-widget elementor-widget-image\" data-id=\"30337b4e\" data-element_type=\"widget\" data-widget_type=\"image.default\">\n\t\t\t\t<div class=\"elementor-widget-container\">\n\t\t\t<style>\/*! elementor - v3.18.0 - 04-12-2023 *\/\n.elementor-widget-image{text-align:center}.elementor-widget-image a{display:inline-block}.elementor-widget-image a img[src$=\".svg\"]{width:48px}.elementor-widget-image img{vertical-align:middle;display:inline-block}<\/style>\t\t\t\t\t\t\t\t\t\t\t\t<img fetchpriority=\"high\" decoding=\"async\" width=\"800\" height=\"777\" src=\"https:\/\/earthspeople.org\/wp-content\/uploads\/2023\/11\/Resilience-1024x995.png\" class=\"attachment-large size-large wp-image-291\" alt=\"\" srcset=\"https:\/\/earthspeople.org\/wp-content\/uploads\/2023\/11\/Resilience-1024x995.png 1024w, https:\/\/earthspeople.org\/wp-content\/uploads\/2023\/11\/Resilience-300x291.png 300w, https:\/\/earthspeople.org\/wp-content\/uploads\/2023\/11\/Resilience-768x746.png 768w, https:\/\/earthspeople.org\/wp-content\/uploads\/2023\/11\/Resilience-1536x1492.png 1536w, https:\/\/earthspeople.org\/wp-content\/uploads\/2023\/11\/Resilience-2048x1990.png 2048w\" sizes=\"(max-width: 800px) 100vw, 800px\" \/>\t\t\t\t\t\t\t\t\t\t\t\t\t\t\t<\/div>\n\t\t\t\t<\/div>\n\t\t\t\t<\/div>\n\t\t\t\t\t<\/div>\n\t\t\t\t<\/div>\n\t\t<div class=\"elementor-element elementor-element-7812f837 e-flex e-con-boxed e-con e-parent\" data-id=\"7812f837\" data-element_type=\"container\" data-settings=\"{&quot;content_width&quot;:&quot;boxed&quot;}\" data-core-v316-plus=\"true\">\n\t\t\t\t\t<div class=\"e-con-inner\">\n\t\t<div class=\"elementor-element elementor-element-3e84a914 e-con-full e-flex e-con e-child\" data-id=\"3e84a914\" data-element_type=\"container\" data-settings=\"{&quot;content_width&quot;:&quot;full&quot;}\">\n\t\t\t\t<\/div>\n\t\t<div class=\"elementor-element elementor-element-bcc468 e-con-full elementor-hidden-tablet e-flex e-con e-child\" data-id=\"bcc468\" data-element_type=\"container\" data-settings=\"{&quot;content_width&quot;:&quot;full&quot;,&quot;background_background&quot;:&quot;classic&quot;}\">\n\t\t\t\t<div class=\"elementor-element elementor-element-163daaa6 elementor-widget__width-initial elementor-widget-tablet__width-initial elementor-widget-mobile__width-initial elementor-hidden-mobile elementor-hidden-tablet elementor-widget elementor-widget-image\" data-id=\"163daaa6\" data-element_type=\"widget\" data-widget_type=\"image.default\">\n\t\t\t\t<div class=\"elementor-widget-container\">\n\t\t\t\t\t\t\t\t\t\t\t\t\t\t\t<img decoding=\"async\" width=\"800\" height=\"619\" src=\"https:\/\/earthspeople.org\/wp-content\/uploads\/2023\/11\/AdaptiveCycle.png\" class=\"attachment-large size-large wp-image-631\" alt=\"\" srcset=\"https:\/\/earthspeople.org\/wp-content\/uploads\/2023\/11\/AdaptiveCycle.png 930w, https:\/\/earthspeople.org\/wp-content\/uploads\/2023\/11\/AdaptiveCycle-300x232.png 300w, https:\/\/earthspeople.org\/wp-content\/uploads\/2023\/11\/AdaptiveCycle-768x595.png 768w\" sizes=\"(max-width: 800px) 100vw, 800px\" \/>\t\t\t\t\t\t\t\t\t\t\t\t\t\t\t<\/div>\n\t\t\t\t<\/div>\n\t\t\t\t<\/div>\n\t\t<div class=\"elementor-element elementor-element-26ffac41 e-con-full e-flex e-con e-child\" data-id=\"26ffac41\" data-element_type=\"container\" data-settings=\"{&quot;content_width&quot;:&quot;full&quot;}\">\n\t\t\t\t<div class=\"elementor-element elementor-element-390ad4a9 elementor-widget__width-initial elementor-widget elementor-widget-heading\" data-id=\"390ad4a9\" data-element_type=\"widget\" data-widget_type=\"heading.default\">\n\t\t\t\t<div class=\"elementor-widget-container\">\n\t\t\t<h2 class=\"elementor-heading-title elementor-size-default\">ADAPTIVES MODELL<\/h2>\t\t<\/div>\n\t\t\t\t<\/div>\n\t\t\t\t<div class=\"elementor-element elementor-element-68e5caf7 elementor-widget__width-initial elementor-widget elementor-widget-text-editor\" data-id=\"68e5caf7\" data-element_type=\"widget\" data-widget_type=\"text-editor.default\">\n\t\t\t\t<div class=\"elementor-widget-container\">\n\t\t\t\t\t\t\t<p>Wie alle Systeme funktioniert die menschliche Gesellschaft als vernetztes Netzwerk mit komplexen Ein- und Ausg\u00e4ngen und Durchfl\u00fcssen, die die Stabilit\u00e4t (oder Instabilit\u00e4t) in diesem System vorantreiben (Adaptive Cycle Model; Gunderson und Holling, 2002). Vereinfacht ausgedr\u00fcckt durchlaufen wir mit dem Fortschritt der Menschheit verschiedene Phasen wie r (Ausbeutung oder Wachstum, wenn beispielsweise eine Gesellschaft expandiert), K (Erhaltung, wenn die Gesellschaft reift und sich stabilisiert, \u03a9 (Omega; wenn die Gesellschaft irgendeine Form von St\u00f6rung erf\u00e4hrt). oder Transformation) und dann \u03b1 (Alpha; wenn sich die Gesellschaft an neue Umst\u00e4nde anpassen muss und sich in einer neuen, widerstandsf\u00e4higeren Form neu aufbaut).<\/p><p><br \/>Weltweit befinden wir uns in einer \u00dcbergangsphase (zwischen \u03a9 und \u03b1), die entweder eine Zeit des Verlusts und der Zerst\u00f6rung oder eine beispiellose Chance f\u00fcr Innovation, Transformation und den Aufbau von Resilienz bedeuten kann. Es liegt an uns, diese Zeit zu nutzen, um uns neu zu organisieren, damit unsere n\u00e4chste Wachstumsphase zu einer neuen \u00c4ra des Fortschritts, des Fortschritts und der Stabilit\u00e4t f\u00fcr die gesamte Menschheit beitragen kann.<\/p>\t\t\t\t\t\t<\/div>\n\t\t\t\t<\/div>\n\t\t\t\t<\/div>\n\t\t\t\t\t<\/div>\n\t\t\t\t<\/div>\n\t\t<div class=\"elementor-element elementor-element-3e11b048 e-flex e-con-boxed e-con e-parent\" data-id=\"3e11b048\" data-element_type=\"container\" data-settings=\"{&quot;background_background&quot;:&quot;classic&quot;,&quot;content_width&quot;:&quot;boxed&quot;}\" data-core-v316-plus=\"true\">\n\t\t\t\t\t<div class=\"e-con-inner\">\n\t\t<div class=\"elementor-element elementor-element-7712ccd8 e-con-full elementor-hidden-tablet elementor-hidden-mobile e-flex e-con e-child\" data-id=\"7712ccd8\" data-element_type=\"container\" data-settings=\"{&quot;content_width&quot;:&quot;full&quot;}\">\n\t\t\t\t<\/div>\n\t\t<div class=\"elementor-element elementor-element-4fb8323f e-con-full e-flex e-con e-child\" data-id=\"4fb8323f\" data-element_type=\"container\" data-settings=\"{&quot;content_width&quot;:&quot;full&quot;}\">\n\t\t\t\t<div class=\"elementor-element elementor-element-15a9b6cd elementor-widget__width-initial elementor-widget elementor-widget-heading\" data-id=\"15a9b6cd\" data-element_type=\"widget\" data-widget_type=\"heading.default\">\n\t\t\t\t<div class=\"elementor-widget-container\">\n\t\t\t<h2 class=\"elementor-heading-title elementor-size-default\">VIELFALT &amp; ST\u00d6RUNG<\/h2>\t\t<\/div>\n\t\t\t\t<\/div>\n\t\t\t\t<div class=\"elementor-element elementor-element-72105d8b elementor-widget__width-initial elementor-widget elementor-widget-text-editor\" data-id=\"72105d8b\" data-element_type=\"widget\" data-widget_type=\"text-editor.default\">\n\t\t\t\t<div class=\"elementor-widget-container\">\n\t\t\t\t\t\t\t<p style=\"line-height: 150%; margin-top: 0pt; margin-bottom: 0pt; margin-left: 0in; direction: ltr; unicode-bidi: embed; word-break: normal;\"><span style=\"font-size: 11.0pt; font-family: Montserrat; mso-ascii-font-family: Montserrat; mso-fareast-font-family: Inter; mso-bidi-font-family: +mn-cs; mso-bidi-theme-font: minor-bidi; color: black; mso-color-index: 1; mso-font-kerning: 12.0pt; language: en-GB; mso-style-textfill-type: solid; mso-style-textfill-fill-themecolor: text1; mso-style-textfill-fill-color: black; mso-style-textfill-fill-alpha: 100.0%;\">Vielfalt und St\u00f6rungen spielen eine wichtige Rolle beim Aufbau von Resilienz, da sie uns neue Sicht-, Denk- und Schaffensweisen er\u00f6ffnen.&nbsp; <\/span><\/p>\n<p style=\"line-height: 150%; margin-top: 0pt; margin-bottom: 0pt; margin-left: 0in; direction: ltr; unicode-bidi: embed; word-break: normal;\"><span style=\"font-size: 11.0pt; font-family: Montserrat; mso-ascii-font-family: Montserrat; mso-fareast-font-family: Inter; mso-bidi-font-family: +mn-cs; mso-bidi-theme-font: minor-bidi; color: black; mso-color-index: 1; mso-font-kerning: 12.0pt; language: en-GB; mso-style-textfill-type: solid; mso-style-textfill-fill-themecolor: text1; mso-style-textfill-fill-color: black; mso-style-textfill-fill-alpha: 100.0%;\">&nbsp;<\/span><\/p>\n<p style=\"line-height: 150%; margin-top: 0pt; margin-bottom: 0pt; margin-left: 0in; direction: ltr; unicode-bidi: embed; word-break: normal;\"><span style=\"font-size: 11.0pt; font-family: Montserrat; mso-ascii-font-family: Montserrat; mso-fareast-font-family: Inter; mso-bidi-font-family: +mn-cs; mso-bidi-theme-font: minor-bidi; color: black; mso-color-index: 1; mso-font-kerning: 12.0pt; language: en-GB; font-weight: bold; mso-style-textfill-type: solid; mso-style-textfill-fill-themecolor: text1; mso-style-textfill-fill-color: black; mso-style-textfill-fill-alpha: 100.0%;\">Wenn Vielfalt die W\u00fcrze des Lebens ist \u2026<\/span><\/p>\n<p style=\"line-height: 150%; margin-top: 0pt; margin-bottom: 0pt; margin-left: 0in; direction: ltr; unicode-bidi: embed; word-break: normal;\"><span style=\"font-size: 11.0pt; font-family: Montserrat; mso-ascii-font-family: Montserrat; mso-fareast-font-family: Inter; mso-bidi-font-family: +mn-cs; mso-bidi-theme-font: minor-bidi; color: black; mso-color-index: 1; mso-font-kerning: 12.0pt; language: en-GB; font-weight: bold; mso-style-textfill-type: solid; mso-style-textfill-fill-themecolor: text1; mso-style-textfill-fill-color: black; mso-style-textfill-fill-alpha: 100.0%;\">&nbsp;<\/span><\/p>\n<p style=\"line-height: 150%; margin-top: 0pt; margin-bottom: 0pt; margin-left: 0in; direction: ltr; unicode-bidi: embed; word-break: normal;\"><span style=\"color: black; font-family: Montserrat; font-size: 11pt; text-align: var(--text-align);\">Vielfalt ist das Geheimnis f\u00fcr Probleml\u00f6sung und Innovation. Durch die Zusammenf\u00fchrung von Menschen mit unterschiedlichen Hintergr\u00fcnden, Perspektiven und Erfahrungen ist die Gesellschaft besser in der Lage, neue, kreative L\u00f6sungen f\u00fcr Herausforderungen zu entwickeln; Es ist wahrscheinlicher, dass es versteckte Schw\u00e4chen und Schwachstellen erkennt, die von einem Team, das es gewohnt ist, die Dinge auf die etablierte Art und Weise zu erledigen, leicht \u00fcbersehen werden.&nbsp;<\/span><\/p>\n<p style=\"line-height: 150%; margin-top: 0pt; margin-bottom: 0pt; margin-left: 0in; direction: ltr; unicode-bidi: embed; word-break: normal;\"><span style=\"color: black; font-family: Montserrat; font-size: 11pt; text-align: var(--text-align);\">&nbsp;<\/span><\/p>\n<p style=\"line-height: 150%; margin-top: 0pt; margin-bottom: 0pt; margin-left: 0in; direction: ltr; unicode-bidi: embed; word-break: normal;\"><strong>&nbsp;...dann k\u00f6nnte der Jalape\u00f1o in der Guacamole der gro\u00dfe Kick sein.<\/strong><\/p>\n<p><\/p>\n<p style=\"line-height: 24px; margin-top: 0pt; margin-bottom: 0pt; margin-left: 0in; direction: ltr; unicode-bidi: embed; word-break: normal;\"><span style=\"color: black; font-family: Montserrat; font-size: 11pt; text-align: var(--text-align);\">Dramatische Ver\u00e4nderungen bedeuten nicht immer eine Katastrophe \u2013 auch nicht nach einer Katastrophe. Chile beispielsweise hat erfolgreich eine enorme Widerstandsf\u00e4higkeit gegen Erdbebenkatastrophen aufgebaut: Es nutzt die schrecklichen Erfahrungen vergangener Ereignisse, um Innovationen voranzutreiben, eine bessere Politik zu f\u00f6rdern und sich gegen kommende Katastrophen zukunftssicher zu machen.<\/span><\/p>\t\t\t\t\t\t<\/div>\n\t\t\t\t<\/div>\n\t\t\t\t<\/div>\n\t\t<div class=\"elementor-element elementor-element-ef10a21 e-con-full elementor-hidden-tablet e-flex e-con e-child\" data-id=\"ef10a21\" data-element_type=\"container\" data-settings=\"{&quot;content_width&quot;:&quot;full&quot;}\">\n\t\t\t\t<div class=\"elementor-element elementor-element-2c132fe8 elementor-widget__width-initial elementor-widget-mobile__width-initial elementor-hidden-tablet elementor-widget elementor-widget-image\" data-id=\"2c132fe8\" data-element_type=\"widget\" data-widget_type=\"image.default\">\n\t\t\t\t<div class=\"elementor-widget-container\">\n\t\t\t\t\t\t\t\t\t\t\t\t\t\t\t<img decoding=\"async\" width=\"800\" height=\"737\" src=\"https:\/\/earthspeople.org\/wp-content\/uploads\/2023\/11\/Resilience-and-hope-1024x943.png\" class=\"attachment-large size-large wp-image-292\" alt=\"\" srcset=\"https:\/\/earthspeople.org\/wp-content\/uploads\/2023\/11\/Resilience-and-hope-1024x943.png 1024w, https:\/\/earthspeople.org\/wp-content\/uploads\/2023\/11\/Resilience-and-hope-300x276.png 300w, https:\/\/earthspeople.org\/wp-content\/uploads\/2023\/11\/Resilience-and-hope-768x708.png 768w, https:\/\/earthspeople.org\/wp-content\/uploads\/2023\/11\/Resilience-and-hope-1536x1415.png 1536w, https:\/\/earthspeople.org\/wp-content\/uploads\/2023\/11\/Resilience-and-hope-2048x1887.png 2048w\" sizes=\"(max-width: 800px) 100vw, 800px\" \/>\t\t\t\t\t\t\t\t\t\t\t\t\t\t\t<\/div>\n\t\t\t\t<\/div>\n\t\t\t\t<\/div>\n\t\t\t\t\t<\/div>\n\t\t\t\t<\/div>\n\t\t\t\t\t\t\t<\/div>","protected":false},"excerpt":{"rendered":"<p>RESILIENCE-BUILDING It\u2019s all about hope. Research tells us that, if our children and young people don\u2019t believe we can solve the problems of their tomorrow, they will also lack the motivation and drive needed to navigate the challenges of the 21st Century. We believe the only way to solve a problem is to solve a [&hellip;]<\/p>","protected":false},"author":1,"featured_media":0,"parent":0,"menu_order":0,"comment_status":"closed","ping_status":"closed","template":"","meta":{"footnotes":""},"class_list":["post-288","page","type-page","status-publish","hentry"],"_links":{"self":[{"href":"https:\/\/earthspeople.org\/de\/wp-json\/wp\/v2\/pages\/288","targetHints":{"allow":["GET"]}}],"collection":[{"href":"https:\/\/earthspeople.org\/de\/wp-json\/wp\/v2\/pages"}],"about":[{"href":"https:\/\/earthspeople.org\/de\/wp-json\/wp\/v2\/types\/page"}],"author":[{"embeddable":true,"href":"https:\/\/earthspeople.org\/de\/wp-json\/wp\/v2\/users\/1"}],"replies":[{"embeddable":true,"href":"https:\/\/earthspeople.org\/de\/wp-json\/wp\/v2\/comments?post=288"}],"version-history":[{"count":88,"href":"https:\/\/earthspeople.org\/de\/wp-json\/wp\/v2\/pages\/288\/revisions"}],"predecessor-version":[{"id":745,"href":"https:\/\/earthspeople.org\/de\/wp-json\/wp\/v2\/pages\/288\/revisions\/745"}],"wp:attachment":[{"href":"https:\/\/earthspeople.org\/de\/wp-json\/wp\/v2\/media?parent=288"}],"curies":[{"name":"wp","href":"https:\/\/api.w.org\/{rel}","templated":true}]}}