{"id":145,"date":"2023-11-26T16:00:58","date_gmt":"2023-11-26T16:00:58","guid":{"rendered":"https:\/\/earthspeople.org\/?page_id=145"},"modified":"2023-12-13T12:05:48","modified_gmt":"2023-12-13T12:05:48","slug":"games","status":"publish","type":"page","link":"https:\/\/earthspeople.org\/de\/games\/","title":{"rendered":"SPIELE"},"content":{"rendered":"<div data-elementor-type=\"wp-page\" data-elementor-id=\"145\" class=\"elementor elementor-145\" data-elementor-post-type=\"page\">\n\t\t\t\t\t\t\t<div class=\"elementor-element elementor-element-5a949296 e-flex e-con-boxed e-con e-parent\" data-id=\"5a949296\" data-element_type=\"container\" data-settings=\"{&quot;content_width&quot;:&quot;boxed&quot;}\" data-core-v316-plus=\"true\">\n\t\t\t\t\t<div class=\"e-con-inner\">\n\t\t<div class=\"elementor-element elementor-element-50aace46 e-con-full e-flex e-con e-child\" data-id=\"50aace46\" data-element_type=\"container\" data-settings=\"{&quot;content_width&quot;:&quot;full&quot;}\">\n\t\t\t\t<\/div>\n\t\t<div class=\"elementor-element elementor-element-5a3d2f11 e-con-full e-flex e-con e-child\" data-id=\"5a3d2f11\" data-element_type=\"container\" data-settings=\"{&quot;content_width&quot;:&quot;full&quot;,&quot;background_background&quot;:&quot;classic&quot;}\">\n\t\t\t\t<div class=\"elementor-element elementor-element-3ff5bb7e elementor-widget__width-initial elementor-widget elementor-widget-heading\" data-id=\"3ff5bb7e\" data-element_type=\"widget\" data-widget_type=\"heading.default\">\n\t\t\t\t<div class=\"elementor-widget-container\">\n\t\t\t<style>\/*! elementor - v3.18.0 - 04-12-2023 *\/\n.elementor-heading-title{padding:0;margin:0;line-height:1}.elementor-widget-heading .elementor-heading-title[class*=elementor-size-]>a{color:inherit;font-size:inherit;line-height:inherit}.elementor-widget-heading .elementor-heading-title.elementor-size-small{font-size:15px}.elementor-widget-heading .elementor-heading-title.elementor-size-medium{font-size:19px}.elementor-widget-heading .elementor-heading-title.elementor-size-large{font-size:29px}.elementor-widget-heading .elementor-heading-title.elementor-size-xl{font-size:39px}.elementor-widget-heading .elementor-heading-title.elementor-size-xxl{font-size:59px}<\/style><h2 class=\"elementor-heading-title elementor-size-default\">DIGITALE SPIELE<\/h2>\t\t<\/div>\n\t\t\t\t<\/div>\n\t\t\t\t<div class=\"elementor-element elementor-element-1c7d079e elementor-widget__width-initial elementor-widget elementor-widget-text-editor\" data-id=\"1c7d079e\" data-element_type=\"widget\" data-widget_type=\"text-editor.default\">\n\t\t\t\t<div class=\"elementor-widget-container\">\n\t\t\t<style>\/*! elementor - v3.18.0 - 04-12-2023 *\/\n.elementor-widget-text-editor.elementor-drop-cap-view-stacked .elementor-drop-cap{background-color:#69727d;color:#fff}.elementor-widget-text-editor.elementor-drop-cap-view-framed .elementor-drop-cap{color:#69727d;border:3px solid;background-color:transparent}.elementor-widget-text-editor:not(.elementor-drop-cap-view-default) .elementor-drop-cap{margin-top:8px}.elementor-widget-text-editor:not(.elementor-drop-cap-view-default) .elementor-drop-cap-letter{width:1em;height:1em}.elementor-widget-text-editor .elementor-drop-cap{float:left;text-align:center;line-height:1;font-size:50px}.elementor-widget-text-editor .elementor-drop-cap-letter{display:inline-block}<\/style>\t\t\t\t<p>Digitale Spiele bringen die umweltwissenschaftliche Bildung auf die n\u00e4chste Stufe! Durch die Kombination von Spielen und Lernen schaffen Spiele ansprechende, interaktive Erfahrungen, die Sch\u00fcler dazu bef\u00e4higen, aktiv zu forschen, komplexe Konzepte auf reale Szenarien anzuwenden und \u00fcbergeordnetes Denken und F\u00e4higkeiten zu entwickeln<\/p><p>Basierend auf einem p\u00e4dagogischen Rahmen, der speziell f\u00fcr Online-Lernumgebungen entwickelt wurde, bieten unsere digitalen Spiele beispiellosen Unterricht und Engagement, das zu tieferem Verst\u00e4ndnis und l\u00e4nger anhaltenden Lernergebnissen f\u00fchrt.<\/p><p>Abgesehen von erheblichen Vorteilen f\u00fcr die Umwelt (Reduzierung des Ressourcenverbrauchs, Minimierung von Abfall und Eind\u00e4mmung der Abholzung) \u00fcbertreffen digitale Spiele h\u00e4ufig herk\u00f6mmliche Lernmaterialien wie Lehrb\u00fccher, Arbeitsbl\u00e4tter und Handouts, Videos und Multimedia-Ressourcen und machen digitale Spiele zum ultimativen Werkzeug f\u00fcr Lernende des 21. Jahrhunderts - und die Umwelt!<\/p>\t\t\t\t\t\t<\/div>\n\t\t\t\t<\/div>\n\t\t\t\t<\/div>\n\t\t<div class=\"elementor-element elementor-element-68117f65 e-con-full e-flex e-con e-child\" data-id=\"68117f65\" data-element_type=\"container\" data-settings=\"{&quot;content_width&quot;:&quot;full&quot;,&quot;background_background&quot;:&quot;classic&quot;}\">\n\t\t\t\t<div class=\"elementor-element elementor-element-b2a5daf elementor-widget__width-initial elementor-widget elementor-widget-image\" data-id=\"b2a5daf\" data-element_type=\"widget\" data-widget_type=\"image.default\">\n\t\t\t\t<div class=\"elementor-widget-container\">\n\t\t\t<style>\/*! elementor - v3.18.0 - 04-12-2023 *\/\n.elementor-widget-image{text-align:center}.elementor-widget-image a{display:inline-block}.elementor-widget-image a img[src$=\".svg\"]{width:48px}.elementor-widget-image img{vertical-align:middle;display:inline-block}<\/style>\t\t\t\t\t\t\t\t\t\t\t\t<img fetchpriority=\"high\" decoding=\"async\" width=\"800\" height=\"766\" src=\"https:\/\/earthspeople.org\/wp-content\/uploads\/2023\/11\/GamesJoined-1024x980.png\" class=\"attachment-large size-large wp-image-155\" alt=\"\" srcset=\"https:\/\/earthspeople.org\/wp-content\/uploads\/2023\/11\/GamesJoined-1024x980.png 1024w, https:\/\/earthspeople.org\/wp-content\/uploads\/2023\/11\/GamesJoined-300x287.png 300w, https:\/\/earthspeople.org\/wp-content\/uploads\/2023\/11\/GamesJoined-768x735.png 768w, https:\/\/earthspeople.org\/wp-content\/uploads\/2023\/11\/GamesJoined.png 1359w\" sizes=\"(max-width: 800px) 100vw, 800px\" \/>\t\t\t\t\t\t\t\t\t\t\t\t\t\t\t<\/div>\n\t\t\t\t<\/div>\n\t\t\t\t<\/div>\n\t\t\t\t\t<\/div>\n\t\t\t\t<\/div>\n\t\t<div class=\"elementor-element elementor-element-98417a0 e-flex e-con-boxed e-con e-parent\" data-id=\"98417a0\" data-element_type=\"container\" data-settings=\"{&quot;background_background&quot;:&quot;classic&quot;,&quot;content_width&quot;:&quot;boxed&quot;}\" data-core-v316-plus=\"true\">\n\t\t\t\t\t<div class=\"e-con-inner\">\n\t\t<div class=\"elementor-element elementor-element-1d2c2377 e-con-full e-flex e-con e-child\" data-id=\"1d2c2377\" data-element_type=\"container\" data-settings=\"{&quot;content_width&quot;:&quot;full&quot;}\">\n\t\t\t\t<\/div>\n\t\t<div class=\"elementor-element elementor-element-6a5fa94e e-con-full e-flex e-con e-child\" data-id=\"6a5fa94e\" data-element_type=\"container\" data-settings=\"{&quot;content_width&quot;:&quot;full&quot;}\">\n\t\t\t\t<div class=\"elementor-element elementor-element-6b8763db elementor-widget__width-initial elementor-widget-mobile__width-initial elementor-hidden-tablet elementor-hidden-mobile elementor-widget elementor-widget-image\" data-id=\"6b8763db\" data-element_type=\"widget\" data-widget_type=\"image.default\">\n\t\t\t\t<div class=\"elementor-widget-container\">\n\t\t\t\t\t\t\t\t\t\t\t\t\t\t\t<img decoding=\"async\" width=\"800\" height=\"666\" src=\"https:\/\/earthspeople.org\/wp-content\/uploads\/2023\/11\/course-card-list-1024x852.png\" class=\"attachment-large size-large wp-image-251\" alt=\"\" srcset=\"https:\/\/earthspeople.org\/wp-content\/uploads\/2023\/11\/course-card-list-1024x852.png 1024w, https:\/\/earthspeople.org\/wp-content\/uploads\/2023\/11\/course-card-list-300x250.png 300w, https:\/\/earthspeople.org\/wp-content\/uploads\/2023\/11\/course-card-list-768x639.png 768w, https:\/\/earthspeople.org\/wp-content\/uploads\/2023\/11\/course-card-list-1536x1278.png 1536w, https:\/\/earthspeople.org\/wp-content\/uploads\/2023\/11\/course-card-list.png 1795w\" sizes=\"(max-width: 800px) 100vw, 800px\" \/>\t\t\t\t\t\t\t\t\t\t\t\t\t\t\t<\/div>\n\t\t\t\t<\/div>\n\t\t\t\t<\/div>\n\t\t<div class=\"elementor-element elementor-element-1f6d12f e-con-full e-flex e-con e-child\" data-id=\"1f6d12f\" data-element_type=\"container\" data-settings=\"{&quot;content_width&quot;:&quot;full&quot;}\">\n\t\t\t\t<div class=\"elementor-element elementor-element-5e247ec elementor-widget__width-initial elementor-widget elementor-widget-heading\" data-id=\"5e247ec\" data-element_type=\"widget\" data-widget_type=\"heading.default\">\n\t\t\t\t<div class=\"elementor-widget-container\">\n\t\t\t<h2 class=\"elementor-heading-title elementor-size-default\">KLIMAKOMPETENZKURS<\/h2>\t\t<\/div>\n\t\t\t\t<\/div>\n\t\t\t\t<div class=\"elementor-element elementor-element-106c1090 elementor-align-center elementor-widget elementor-widget-button\" data-id=\"106c1090\" data-element_type=\"widget\" data-widget_type=\"button.default\">\n\t\t\t\t<div class=\"elementor-widget-container\">\n\t\t\t\t\t<div class=\"elementor-button-wrapper\">\n\t\t\t<a class=\"elementor-button elementor-button-link elementor-size-sm\" href=\"https:\/\/artemisgames.org\/home\" target=\"_blank\">\n\t\t\t\t\t\t<span class=\"elementor-button-content-wrapper\">\n\t\t\t\t\t\t<span class=\"elementor-button-text\">Fang hier an<\/span>\n\t\t<\/span>\n\t\t\t\t\t<\/a>\n\t\t<\/div>\n\t\t\t\t<\/div>\n\t\t\t\t<\/div>\n\t\t\t\t<div class=\"elementor-element elementor-element-1f1c34a elementor-widget__width-initial elementor-widget elementor-widget-text-editor\" data-id=\"1f1c34a\" data-element_type=\"widget\" data-widget_type=\"text-editor.default\">\n\t\t\t\t<div class=\"elementor-widget-container\">\n\t\t\t\t\t\t\t<p style=\"line-height: 24px; margin-top: 0pt; margin-bottom: 0pt; margin-left: 0in; direction: ltr; unicode-bidi: embed; word-break: normal;\"><span style=\"font-size: 11pt; font-family: Montserrat; color: black;\">Unser spielbasierter Lernkurs zur Klimakompetenz l\u00e4sst Sch\u00fcler in eine interaktive und fesselnde Welt eintauchen, in der sie die Ursachen und Auswirkungen des Klimawandels erkunden und verstehen k\u00f6nnen. Durch Probleml\u00f6sungsherausforderungen, Simulationen und Aktivit\u00e4ten zum kritischen Denken entwickeln die Studierenden ein tiefes Verst\u00e4ndnis der komplexen Systeme, die den Klimawandel vorantreiben, und der m\u00f6glichen L\u00f6sungen zu seiner Eind\u00e4mmung. Durch die Einbeziehung von Beispielen und Daten aus der Praxis erweckt der Kurs die Wissenschaft des Klimawandels zum Leben und bef\u00e4higt die Studierenden, informierte und aktive B\u00fcrger im Kampf gegen den Klimawandel zu werden.<\/span><\/p><p>\u00a0<\/p><p style=\"line-height: 24px; margin-top: 0pt; margin-bottom: 0pt; margin-left: 0in; direction: ltr; unicode-bidi: embed; word-break: normal;\"><span style=\"color: black; font-family: Montserrat; font-size: 11pt; font-weight: var( --e-global-typography-text-font-weight ); text-align: var(--text-align);\">F\u00fcr Lehrer und Sch\u00fcler, die sich f\u00fcr Nachhaltigkeit und Emissionsreduzierung interessieren, ist es\u2026 nun ja\u2026 ein Game-Changer.<\/span><span style=\"font-size: 14.6667px; color: #000000; font-family: Montserrat; font-weight: var( --e-global-typography-text-font-weight ); text-align: var(--text-align);\">.<\/span><\/p>\t\t\t\t\t\t<\/div>\n\t\t\t\t<\/div>\n\t\t\t\t<\/div>\n\t\t\t\t\t<\/div>\n\t\t\t\t<\/div>\n\t\t<div class=\"elementor-element elementor-element-39c54d2c e-flex e-con-boxed e-con e-parent\" data-id=\"39c54d2c\" data-element_type=\"container\" data-settings=\"{&quot;content_width&quot;:&quot;boxed&quot;}\" data-core-v316-plus=\"true\">\n\t\t\t\t\t<div class=\"e-con-inner\">\n\t\t<div class=\"elementor-element elementor-element-5dc7b241 e-con-full e-flex e-con e-child\" data-id=\"5dc7b241\" data-element_type=\"container\" data-settings=\"{&quot;content_width&quot;:&quot;full&quot;}\">\n\t\t\t\t<\/div>\n\t\t<div class=\"elementor-element elementor-element-56413a93 e-con-full e-flex e-con e-child\" data-id=\"56413a93\" data-element_type=\"container\" data-settings=\"{&quot;content_width&quot;:&quot;full&quot;}\">\n\t\t\t\t<div class=\"elementor-element elementor-element-36e1a2ae elementor-widget__width-initial elementor-widget elementor-widget-heading\" data-id=\"36e1a2ae\" data-element_type=\"widget\" data-widget_type=\"heading.default\">\n\t\t\t\t<div class=\"elementor-widget-container\">\n\t\t\t<h2 class=\"elementor-heading-title elementor-size-default\">WISSENSCHAFT... UND HOFFNUNG.<\/h2>\t\t<\/div>\n\t\t\t\t<\/div>\n\t\t\t\t<div class=\"elementor-element elementor-element-5631e198 elementor-widget__width-initial elementor-widget elementor-widget-text-editor\" data-id=\"5631e198\" data-element_type=\"widget\" data-widget_type=\"text-editor.default\">\n\t\t\t\t<div class=\"elementor-widget-container\">\n\t\t\t\t\t\t\t<p style=\"line-height: 150%; margin-top: 0pt; margin-bottom: 0pt; margin-left: 0in; direction: ltr; unicode-bidi: embed; word-break: normal;\"><span style=\"font-size: 11.0pt; font-family: Montserrat; mso-ascii-font-family: Montserrat; mso-fareast-font-family: Inter; mso-bidi-font-family: +mn-cs; mso-bidi-theme-font: minor-bidi; color: black; mso-color-index: 1; mso-font-kerning: 12.0pt; language: en-GB; mso-style-textfill-type: solid; mso-style-textfill-fill-themecolor: text1; mso-style-textfill-fill-color: black; mso-style-textfill-fill-alpha: 100.0%;\">\u00a0<\/span><span style=\"color: black; font-family: Montserrat; font-size: 11pt; text-align: var(--text-align);\">Unsere Spiele basieren auf von Experten begutachteter, empirischer Wissenschaft. Unser erster Klimawissenschaftskurs behandelt die physikalischen und chemischen Mechanismen, die das Klima der Erde im Gleichgewicht beschreiben; im Grunde genommen all die guten Dinge, die es der Erde erm\u00f6glichen, fl\u00fcssiges Wasser an der Oberfl\u00e4che zu halten, und die Bedingungen und Faktoren, die zu einer lebenswerten globalen Temperatur beitragen.\u00a0<\/span><\/p><p style=\"line-height: 150%; margin-top: 0pt; margin-bottom: 0pt; margin-left: 0in; direction: ltr; unicode-bidi: embed; word-break: normal;\"><span style=\"font-size: 11.0pt; font-family: Montserrat; mso-ascii-font-family: Montserrat; mso-fareast-font-family: Inter; mso-bidi-font-family: +mn-cs; mso-bidi-theme-font: minor-bidi; color: black; mso-color-index: 1; mso-font-kerning: 12.0pt; language: en-GB; mso-style-textfill-type: solid; mso-style-textfill-fill-themecolor: text1; mso-style-textfill-fill-color: black; mso-style-textfill-fill-alpha: 100.0%;\">\u00a0<\/span><\/p><p style=\"line-height: 150%; margin-top: 0pt; margin-bottom: 0pt; margin-left: 0in; direction: ltr; unicode-bidi: embed; word-break: normal;\">\u00a0<\/p><p style=\"line-height: 150%; margin-top: 0pt; margin-bottom: 0pt; margin-left: 0in; direction: ltr; unicode-bidi: embed; word-break: normal;\"><span style=\"font-size: 11.0pt; font-family: Montserrat; mso-ascii-font-family: Montserrat; mso-fareast-font-family: Inter; mso-bidi-font-family: +mn-cs; mso-bidi-theme-font: minor-bidi; color: black; mso-color-index: 1; mso-font-kerning: 12.0pt; language: en-GB; font-weight: bold; mso-style-textfill-type: solid; mso-style-textfill-fill-themecolor: text1; mso-style-textfill-fill-color: black; mso-style-textfill-fill-alpha: 100.0%;\">Wir halten uns von \u201eAngstappellen\u201c fern<\/span><\/p><p style=\"line-height: 150%; margin-top: 0pt; margin-bottom: 0pt; margin-left: 0in; direction: ltr; unicode-bidi: embed; word-break: normal;\"><span style=\"font-size: 11.0pt; font-family: Montserrat; mso-ascii-font-family: Montserrat; mso-fareast-font-family: Inter; mso-bidi-font-family: +mn-cs; mso-bidi-theme-font: minor-bidi; color: black; mso-color-index: 1; mso-font-kerning: 12.0pt; language: en-GB; font-weight: bold; mso-style-textfill-type: solid; mso-style-textfill-fill-themecolor: text1; mso-style-textfill-fill-color: black; mso-style-textfill-fill-alpha: 100.0%;\">\u00a0<\/span><\/p><p style=\"line-height: 150%; margin-top: 0pt; margin-bottom: 0pt; margin-left: 0in; direction: ltr; unicode-bidi: embed; word-break: normal;\">\u00a0<\/p><p style=\"line-height: 150%; margin-top: 0pt; margin-bottom: 0pt; margin-left: 0in; direction: ltr; unicode-bidi: embed; word-break: normal;\"><span style=\"font-size: 11.0pt; font-family: Montserrat; mso-ascii-font-family: Montserrat; mso-fareast-font-family: Inter; mso-bidi-font-family: +mn-cs; mso-bidi-theme-font: minor-bidi; color: black; mso-color-index: 1; mso-font-kerning: 12.0pt; language: en-GB; mso-style-textfill-type: solid; mso-style-textfill-fill-themecolor: text1; mso-style-textfill-fill-color: black; mso-style-textfill-fill-alpha: 100.0%;\">Verhungernde Eisb\u00e4ren, die Schuldzuweisungen oder Schimpfworte geben, werden Sie hier nicht finden. Unser Programm erkl\u00e4rt auf einfache, freundliche und leicht verst\u00e4ndliche Weise, wie die Wissenschaft funktioniert. Wir m\u00f6chten, dass Sie sich gest\u00e4rkt und f\u00e4hig f\u00fchlen \u2013 und sehen, dass es zwar viel zu tun gibt, die Zukunft aber auch voller M\u00f6glichkeiten und Chancen steckt.<\/span><\/p>\t\t\t\t\t\t<\/div>\n\t\t\t\t<\/div>\n\t\t\t\t<\/div>\n\t\t<div class=\"elementor-element elementor-element-3f25fbd9 e-con-full e-flex e-con e-child\" data-id=\"3f25fbd9\" data-element_type=\"container\" data-settings=\"{&quot;content_width&quot;:&quot;full&quot;}\">\n\t\t\t\t<div class=\"elementor-element elementor-element-19fc94b elementor-hidden-tablet elementor-widget elementor-widget-image\" data-id=\"19fc94b\" data-element_type=\"widget\" data-widget_type=\"image.default\">\n\t\t\t\t<div class=\"elementor-widget-container\">\n\t\t\t\t\t\t\t\t\t\t\t\t\t\t\t<img decoding=\"async\" width=\"800\" height=\"826\" src=\"https:\/\/earthspeople.org\/wp-content\/uploads\/2023\/11\/hope-1-992x1024.png\" class=\"attachment-large size-large wp-image-259\" alt=\"\" srcset=\"https:\/\/earthspeople.org\/wp-content\/uploads\/2023\/11\/hope-1-992x1024.png 992w, https:\/\/earthspeople.org\/wp-content\/uploads\/2023\/11\/hope-1-291x300.png 291w, https:\/\/earthspeople.org\/wp-content\/uploads\/2023\/11\/hope-1-768x793.png 768w, https:\/\/earthspeople.org\/wp-content\/uploads\/2023\/11\/hope-1-1488x1536.png 1488w, https:\/\/earthspeople.org\/wp-content\/uploads\/2023\/11\/hope-1-1984x2048.png 1984w\" sizes=\"(max-width: 800px) 100vw, 800px\" \/>\t\t\t\t\t\t\t\t\t\t\t\t\t\t\t<\/div>\n\t\t\t\t<\/div>\n\t\t\t\t<\/div>\n\t\t\t\t\t<\/div>\n\t\t\t\t<\/div>\n\t\t<div class=\"elementor-element elementor-element-f67a2f9 e-flex e-con-boxed e-con e-parent\" data-id=\"f67a2f9\" data-element_type=\"container\" data-settings=\"{&quot;background_background&quot;:&quot;classic&quot;,&quot;content_width&quot;:&quot;boxed&quot;}\" data-core-v316-plus=\"true\">\n\t\t\t\t\t<div class=\"e-con-inner\">\n\t\t<div class=\"elementor-element elementor-element-6cc1913 e-con-full e-flex e-con e-child\" data-id=\"6cc1913\" data-element_type=\"container\" data-settings=\"{&quot;content_width&quot;:&quot;full&quot;}\">\n\t\t\t\t<\/div>\n\t\t<div class=\"elementor-element elementor-element-4b6ab1a e-con-full e-flex e-con e-child\" data-id=\"4b6ab1a\" data-element_type=\"container\" data-settings=\"{&quot;content_width&quot;:&quot;full&quot;}\">\n\t\t\t\t<div class=\"elementor-element elementor-element-14847a6 elementor-widget__width-initial elementor-widget-mobile__width-initial elementor-hidden-tablet elementor-hidden-mobile elementor-widget elementor-widget-image\" data-id=\"14847a6\" data-element_type=\"widget\" data-widget_type=\"image.default\">\n\t\t\t\t<div class=\"elementor-widget-container\">\n\t\t\t\t\t\t\t\t\t\t\t\t\t\t\t<img loading=\"lazy\" decoding=\"async\" width=\"800\" height=\"777\" src=\"https:\/\/earthspeople.org\/wp-content\/uploads\/2023\/11\/Books-1024x994.png\" class=\"attachment-large size-large wp-image-260\" alt=\"\" srcset=\"https:\/\/earthspeople.org\/wp-content\/uploads\/2023\/11\/Books-1024x994.png 1024w, https:\/\/earthspeople.org\/wp-content\/uploads\/2023\/11\/Books-300x291.png 300w, https:\/\/earthspeople.org\/wp-content\/uploads\/2023\/11\/Books-768x746.png 768w, https:\/\/earthspeople.org\/wp-content\/uploads\/2023\/11\/Books-1536x1492.png 1536w, https:\/\/earthspeople.org\/wp-content\/uploads\/2023\/11\/Books.png 1557w\" sizes=\"(max-width: 800px) 100vw, 800px\" \/>\t\t\t\t\t\t\t\t\t\t\t\t\t\t\t<\/div>\n\t\t\t\t<\/div>\n\t\t\t\t<\/div>\n\t\t<div class=\"elementor-element elementor-element-a87dede e-con-full e-flex e-con e-child\" data-id=\"a87dede\" data-element_type=\"container\" data-settings=\"{&quot;content_width&quot;:&quot;full&quot;}\">\n\t\t\t\t<div class=\"elementor-element elementor-element-b2aade0 elementor-widget__width-initial elementor-widget elementor-widget-heading\" data-id=\"b2aade0\" data-element_type=\"widget\" data-widget_type=\"heading.default\">\n\t\t\t\t<div class=\"elementor-widget-container\">\n\t\t\t<h2 class=\"elementor-heading-title elementor-size-default\">P\u00c4DAGOGISCHES DESIGN<\/h2>\t\t<\/div>\n\t\t\t\t<\/div>\n\t\t\t\t<div class=\"elementor-element elementor-element-01c0574 elementor-widget__width-initial elementor-widget elementor-widget-text-editor\" data-id=\"01c0574\" data-element_type=\"widget\" data-widget_type=\"text-editor.default\">\n\t\t\t\t<div class=\"elementor-widget-container\">\n\t\t\t\t\t\t\t<p>Die Bildungsprogramme werden alle von Dr. Inez Harker-Schuch, Mitbegr\u00fcnderin und Lehrplanleiterin, geleitet.<\/p><p>\u00a0<\/p><p>Dr. Harker-Schuch ist Spezialistin f\u00fcr die Vermittlung umweltwissenschaftlicher Bildung an \u00f6ffentlichen Schulen und im weiteren \u00f6ffentlichen Raum. Zuvor arbeitete sie an der Universit\u00e4t Kopenhagen als Forscherin, Dozentin und Kurskoordinatorin und ist seit 2007 Direktorin der Earth's People Foundation for Environmental Science Education.<\/p><p>\u00a0<\/p><p>Sie ist eine erfahrene P\u00e4dagogin mit ver\u00f6ffentlichten Forschungsergebnissen zu Lerndesign, Lehrplanplanung und -kuratierung, Klimakompetenz und dem Einsatz digitaler Tools f\u00fcr den Unterricht in Umweltwissenschaften. Sie hat einen BSc in Naturwissenschaften, einen Doppel-MSc (Agronomie und Umweltwissenschaften) und einen Doktortitel in der Entwicklung von Serious-Learning-Spielen zur Verbesserung der Bildung und Klimawissenschaftskompetenz.<\/p>\t\t\t\t\t\t<\/div>\n\t\t\t\t<\/div>\n\t\t\t\t<\/div>\n\t\t\t\t\t<\/div>\n\t\t\t\t<\/div>\n\t\t<div class=\"elementor-element elementor-element-a1d2925 e-flex e-con-boxed e-con e-parent\" data-id=\"a1d2925\" data-element_type=\"container\" data-settings=\"{&quot;content_width&quot;:&quot;boxed&quot;}\" data-core-v316-plus=\"true\">\n\t\t\t\t\t<div class=\"e-con-inner\">\n\t\t<div class=\"elementor-element elementor-element-057a453 e-con-full e-flex e-con e-child\" data-id=\"057a453\" data-element_type=\"container\" data-settings=\"{&quot;content_width&quot;:&quot;full&quot;}\">\n\t\t\t\t<\/div>\n\t\t<div class=\"elementor-element elementor-element-f8bcb8b e-con-full e-flex e-con e-child\" data-id=\"f8bcb8b\" data-element_type=\"container\" data-settings=\"{&quot;content_width&quot;:&quot;full&quot;}\">\n\t\t\t\t<\/div>\n\t\t\t\t\t<\/div>\n\t\t\t\t<\/div>\n\t\t\t\t\t\t\t<\/div>","protected":false},"excerpt":{"rendered":"<p>DIGITAL GAMES Digital games take environmental science education to the next level! By combining play and learning, games create engaging, interactive experiences that empower students to actively explore, apply complex concepts to real-world scenarios, and develop higher-order thinking and skills Structured on a pedagogical framework designed specifically for online learning environments, our digital games offer [&hellip;]<\/p>","protected":false},"author":1,"featured_media":0,"parent":0,"menu_order":0,"comment_status":"closed","ping_status":"closed","template":"","meta":{"footnotes":""},"class_list":["post-145","page","type-page","status-publish","hentry"],"_links":{"self":[{"href":"https:\/\/earthspeople.org\/de\/wp-json\/wp\/v2\/pages\/145","targetHints":{"allow":["GET"]}}],"collection":[{"href":"https:\/\/earthspeople.org\/de\/wp-json\/wp\/v2\/pages"}],"about":[{"href":"https:\/\/earthspeople.org\/de\/wp-json\/wp\/v2\/types\/page"}],"author":[{"embeddable":true,"href":"https:\/\/earthspeople.org\/de\/wp-json\/wp\/v2\/users\/1"}],"replies":[{"embeddable":true,"href":"https:\/\/earthspeople.org\/de\/wp-json\/wp\/v2\/comments?post=145"}],"version-history":[{"count":88,"href":"https:\/\/earthspeople.org\/de\/wp-json\/wp\/v2\/pages\/145\/revisions"}],"predecessor-version":[{"id":718,"href":"https:\/\/earthspeople.org\/de\/wp-json\/wp\/v2\/pages\/145\/revisions\/718"}],"wp:attachment":[{"href":"https:\/\/earthspeople.org\/de\/wp-json\/wp\/v2\/media?parent=145"}],"curies":[{"name":"wp","href":"https:\/\/api.w.org\/{rel}","templated":true}]}}